{"id":59616,"date":"2024-08-26T18:51:38","date_gmt":"2024-08-26T16:51:38","guid":{"rendered":"https:\/\/www.hanko.lu\/?post_type=product&#038;p=59616"},"modified":"2026-04-13T14:53:55","modified_gmt":"2026-04-13T12:53:55","slug":"trodat-vintage-etiquettes","status":"publish","type":"product","link":"https:\/\/www.hanko.lu\/fr\/produit\/trodat-vintage-etiquettes\/","title":{"rendered":"Trodat Vintage &#8211; \u00c9tiquettes"},"content":{"rendered":"<p><img loading=\"lazy\" decoding=\"async\" class=\"size-medium wp-image-42250\" role=\"img\" src=\"https:\/\/www.hanko.lu\/wp-content\/uploads\/2023\/01\/trodat-vintage-logo.svg\" alt=\"Trodat Vintage Logo\" width=\"300\" height=\"300\" \/><\/p>\n","protected":false},"excerpt":{"rendered":"<ul class=\"short-features\">\n<li><i class=\"fas fa-check\"><\/i><strong>36<\/strong> \u00e9tiquettes Trodat Vintage dans 9 designs diff\u00e9rents<\/li>\n<li><i class=\"fas fa-check\"><\/i>\u00c9tiquettes autocollantes et r\u00e9sistantes \u00e0 l&rsquo;eau<\/li>\n<li><i class=\"fas fa-check\"><\/i>Elles absorbent parfaitement l&rsquo;encre du tampon<\/li>\n<li><i class=\"fas fa-check\"><\/i><strong>3<\/strong> formes et <strong>3<\/strong> mod\u00e8les diff\u00e9rents<\/li>\n<li><i class=\"fas fa-truck\"><\/i><strong>Exp\u00e9di\u00e9<\/strong> sous 2 \u00e0 3 jours ouvr\u00e9s<\/li>\n<\/ul>\n","protected":false},"featured_media":51482,"comment_status":"open","ping_status":"closed","template":"","meta":[],"product_brand":[],"product_cat":[543],"product_tag":[],"class_list":{"0":"post-59616","1":"product","2":"type-product","3":"status-publish","4":"has-post-thumbnail","6":"product_cat-trodat-vintage","7":"product_shipping_class-classe-s","9":"first","10":"instock","11":"sale","12":"taxable","13":"shipping-taxable","14":"purchasable","15":"product-type-simple"},"exclude_global_add_ons":[],"addons":[],"_links":{"self":[{"href":"https:\/\/www.hanko.lu\/fr\/wp-json\/wp\/v2\/product\/59616","targetHints":{"allow":["GET"]}}],"collection":[{"href":"https:\/\/www.hanko.lu\/fr\/wp-json\/wp\/v2\/product"}],"about":[{"href":"https:\/\/www.hanko.lu\/fr\/wp-json\/wp\/v2\/types\/product"}],"replies":[{"embeddable":true,"href":"https:\/\/www.hanko.lu\/fr\/wp-json\/wp\/v2\/comments?post=59616"}],"wp:featuredmedia":[{"embeddable":true,"href":"https:\/\/www.hanko.lu\/fr\/wp-json\/wp\/v2\/media\/51482"}],"wp:attachment":[{"href":"https:\/\/www.hanko.lu\/fr\/wp-json\/wp\/v2\/media?parent=59616"}],"wp:term":[{"taxonomy":"product_brand","embeddable":true,"href":"https:\/\/www.hanko.lu\/fr\/wp-json\/wp\/v2\/product_brand?post=59616"},{"taxonomy":"product_cat","embeddable":true,"href":"https:\/\/www.hanko.lu\/fr\/wp-json\/wp\/v2\/product_cat?post=59616"},{"taxonomy":"product_tag","embeddable":true,"href":"https:\/\/www.hanko.lu\/fr\/wp-json\/wp\/v2\/product_tag?post=59616"}],"curies":[{"name":"wp","href":"https:\/\/api.w.org\/{rel}","templated":true}]}}