{"id":59707,"date":"2024-08-26T18:53:13","date_gmt":"2024-08-26T16:53:13","guid":{"rendered":"https:\/\/www.hanko.lu\/?post_type=product&#038;p=59707"},"modified":"2025-10-02T14:36:14","modified_gmt":"2025-10-02T12:36:14","slug":"tampons-creatifs-woodies-collection-noel","status":"publish","type":"product","link":"https:\/\/www.hanko.lu\/fr\/produit\/tampons-creatifs-woodies-collection-noel\/","title":{"rendered":"Tampons cr\u00e9atifs Woodies &#8211; Collection No\u00ebl"},"content":{"rendered":"<p>Woodies &#8211; Les tampons en bois qui vont ravir les amateurs de cr\u00e9ation. Que vous soyez un amateur de loisirs cr\u00e9atifs, un professionnel de la cr\u00e9ation ou simplement quelqu&rsquo;un qui aime offrir des cadeaux personnalis\u00e9s, notre gamme de collections th\u00e9matiques est faite pour vous. Avec leurs motifs uniques et leurs designs originaux, ces petits tampons sont parfaits pour donner vie \u00e0 toutes vos id\u00e9es cr\u00e9atives. Exprimez votre personnalit\u00e9 et ajoutez une touche unique \u00e0 vos projets de bricolage gr\u00e2ce aux Woodies.<\/p>\n<p><a href=\"https:\/\/www.hanko.lu\/wp-content\/uploads\/2023\/05\/woodies.svg\"><img loading=\"lazy\" decoding=\"async\" class=\"alignright size-medium wp-image-45177\" role=\"img\" src=\"https:\/\/www.hanko.lu\/wp-content\/uploads\/2023\/05\/woodies.svg\" alt=\"Woodies Logo\" width=\"300\" height=\"300\" \/><\/a><\/p>\n","protected":false},"excerpt":{"rendered":"<ul class=\"short-features\">\n<li><i class=\"fas fa-check\"><\/i><strong>8 motifs<\/strong> diff\u00e9rents au choix<\/li>\n<li><i class=\"fas fa-expand-alt\"><\/i><strong>Dimensions de l&#8217;empreinte :<\/strong> \u00d8 30 mm<\/li>\n<li><i class=\"fas fa-truck\"><\/i><strong>Exp\u00e9dition<\/strong> sous 24 heures<\/li>\n<\/ul>\n","protected":false},"featured_media":51653,"comment_status":"open","ping_status":"closed","template":"","meta":[],"product_brand":[],"product_cat":[542],"product_tag":[937],"class_list":{"0":"post-59707","1":"product","2":"type-product","3":"status-publish","4":"has-post-thumbnail","6":"product_cat-tampons-avec-motif","7":"product_tag-xmas","8":"product_shipping_class-classe-l","10":"first","11":"instock","12":"taxable","13":"shipping-taxable","14":"purchasable","15":"product-type-variable"},"exclude_global_add_ons":false,"addons":[{"name":"Encreur Woodies","type":"multiple_choice","position":0,"required":false,"title_format":"label","description_enable":true,"description":"Coussin encreur de 33 mm de diam\u00e8tre, propos\u00e9 en nombreuses couleurs vari\u00e9es.","placeholder_enable":false,"placeholder":"","display":"images","restrictions_type":"any_text","adjust_price":false,"price":"","price_type":"flat_fee","restrictions":false,"min":0,"max":0,"options":[{"label":"01. Balance Blue","price":"4.95","price_type":"flat_fee","image":51598},{"label":"02. Carribean Creek","price":"4.95","price_type":"flat_fee","image":51599},{"label":"03. Lucky Lime","price":"4.95","price_type":"flat_fee","image":51600},{"label":"04. Sweet Sun","price":"4.95","price_type":"flat_fee","image":51616},{"label":"05. Royal Rose","price":"4.95","price_type":"flat_fee","image":51617},{"label":"06. Silent Sea","price":"4.95","price_type":"flat_fee","image":51618},{"label":"07. Beautiful Berry","price":"4.95","price_type":"flat_fee","image":51619},{"label":"08. Oriental Orange","price":"4.95","price_type":"flat_fee","image":51620},{"label":"09. Wondrous Wine","price":"4.95","price_type":"flat_fee","image":51621},{"label":"10. Lovable Lavender","price":"4.95","price_type":"flat_fee","image":51622},{"label":"11. Fondly Fontain","price":"4.95","price_type":"flat_fee","image":51623},{"label":"12. Calen Cloud","price":"4.95","price_type":"flat_fee","image":51624},{"label":"13. Marvellous Magnolia","price":"4.95","price_type":"flat_fee","image":51625},{"label":"15. Pretty Pink","price":"4.95","price_type":"flat_fee","image":51627},{"label":"16. Panic Pink","price":"4.95","price_type":"flat_fee","image":51628},{"label":"17. Outback Orange","price":"4.95","price_type":"flat_fee","image":51629},{"label":"19. Fir Forest","price":"4.95","price_type":"flat_fee","image":55750},{"label":"20. Ornamental Olive","price":"4.95","price_type":"flat_fee","image":51647},{"label":"21. Bright Beach","price":"4.95","price_type":"flat_fee","image":51648},{"label":"22. Soft Stone","price":"4.95","price_type":"flat_fee","image":51649},{"label":"23. Charming Copper","price":"4.95","price_type":"flat_fee","image":51650},{"label":"24. Fabled Frog","price":"4.95","price_type":"flat_fee","image":51651},{"label":"25. Classy Cacao","price":"4.95","price_type":"flat_fee","image":51652}],"id":1725099794},{"name":"Coussin encreur COLOP MAKE 1","type":"multiple_choice","position":1,"required":false,"title_format":"label","description_enable":true,"description":"Ajoutez \u00e0 votre commande un coussin encreur de haute qualit\u00e9 afin d'obtenir des empreintes exceptionnelles. Dimensions du coussin : 90 x 50 mm.","placeholder_enable":false,"placeholder":"","display":"images","restrictions_type":"any_text","adjust_price":false,"price":"","price_type":"flat_fee","restrictions":false,"min":0,"max":0,"options":[{"label":"Brave Red","price":"5.20","price_type":"flat_fee","image":40614},{"label":"Calm Blue","price":"5.20","price_type":"flat_fee","image":40615},{"label":"Cozy Red","price":"5.20","price_type":"flat_fee","image":40616},{"label":"Fancy Grey","price":"5.20","price_type":"flat_fee","image":40617},{"label":"Fir Forest","price":"5.20","price_type":"flat_fee","image":40618},{"label":"Fresh Mint","price":"5.20","price_type":"flat_fee","image":40619},{"label":"Lovable Lavender","price":"5.20","price_type":"flat_fee","image":40621},{"label":"Noble Blue","price":"5.20","price_type":"flat_fee","image":40622},{"label":"Shiny Orange","price":"5.20","price_type":"flat_fee","image":40623},{"label":"Shiny Pink","price":"5.20","price_type":"flat_fee","image":40624},{"label":"Silent Sea","price":"5.20","price_type":"flat_fee","image":40625},{"label":"Smooth Green","price":"5.20","price_type":"flat_fee","image":40626},{"label":"Soft Pink","price":"5.20","price_type":"flat_fee","image":40627}],"id":1725099795},{"name":"Coussin encreur Trodat 9051","type":"multiple_choice","position":2,"required":false,"title_format":"label","description_enable":true,"description":"Ajoutez \u00e0 votre commande un coussin encreur classique. Dimensions du coussin : 90 x 50 mm.","placeholder_enable":false,"placeholder":"","display":"images","restrictions_type":"any_text","adjust_price":false,"price":"","price_type":"flat_fee","restrictions":false,"min":0,"max":0,"options":[{"label":"Encre bleue","price":"3.95","price_type":"flat_fee","image":44719},{"label":"Encre rouge","price":"3.95","price_type":"flat_fee","image":44721},{"label":"Encre verte","price":"3.95","price_type":"flat_fee","image":44722},{"label":"Encre violette","price":"3.95","price_type":"flat_fee","image":44723}],"id":1725099796}],"_links":{"self":[{"href":"https:\/\/www.hanko.lu\/fr\/wp-json\/wp\/v2\/product\/59707","targetHints":{"allow":["GET"]}}],"collection":[{"href":"https:\/\/www.hanko.lu\/fr\/wp-json\/wp\/v2\/product"}],"about":[{"href":"https:\/\/www.hanko.lu\/fr\/wp-json\/wp\/v2\/types\/product"}],"replies":[{"embeddable":true,"href":"https:\/\/www.hanko.lu\/fr\/wp-json\/wp\/v2\/comments?post=59707"}],"wp:featuredmedia":[{"embeddable":true,"href":"https:\/\/www.hanko.lu\/fr\/wp-json\/wp\/v2\/media\/51653"}],"wp:attachment":[{"href":"https:\/\/www.hanko.lu\/fr\/wp-json\/wp\/v2\/media?parent=59707"}],"wp:term":[{"taxonomy":"product_brand","embeddable":true,"href":"https:\/\/www.hanko.lu\/fr\/wp-json\/wp\/v2\/product_brand?post=59707"},{"taxonomy":"product_cat","embeddable":true,"href":"https:\/\/www.hanko.lu\/fr\/wp-json\/wp\/v2\/product_cat?post=59707"},{"taxonomy":"product_tag","embeddable":true,"href":"https:\/\/www.hanko.lu\/fr\/wp-json\/wp\/v2\/product_tag?post=59707"}],"curies":[{"name":"wp","href":"https:\/\/api.w.org\/{rel}","templated":true}]}}