{"id":62622,"date":"2025-02-11T17:43:40","date_gmt":"2025-02-11T16:43:40","guid":{"rendered":"https:\/\/www.hanko.lu\/?post_type=product&#038;p=62622"},"modified":"2025-10-13T08:27:31","modified_gmt":"2025-10-13T06:27:31","slug":"hanko-japonais-avec-votre-nom","status":"publish","type":"product","link":"https:\/\/www.hanko.lu\/fr\/produit\/hanko-japonais-avec-votre-nom\/","title":{"rendered":"Hanko japonais avec votre nom"},"content":{"rendered":"<h3 data-start=\"92\" data-end=\"167\"><strong data-start=\"96\" data-end=\"165\">Hanko japonais avec votre nom \u2013 Tampon personnalis\u00e9 COLOP EOS R17<\/strong><\/h3>\n<p data-start=\"169\" data-end=\"485\">D\u00e9couvrez le <strong data-start=\"182\" data-end=\"200\">hanko japonais<\/strong>, un sceau traditionnel utilis\u00e9 au Japon pour signer des documents officiels, des contrats et des \u0153uvres d\u2019art. Contrairement aux signatures manuscrites, le <strong data-start=\"357\" data-end=\"366\">hanko<\/strong> est une empreinte unique grav\u00e9e avec un nom, apportant une touche d\u2019authenticit\u00e9 et d\u2019\u00e9l\u00e9gance \u00e0 chaque utilisation.<\/p>\n<p data-start=\"487\" data-end=\"636\">Avec ce <strong data-start=\"495\" data-end=\"532\">tampon personnalis\u00e9 COLOP EOS R17<\/strong>, vous pouvez cr\u00e9er votre propre <strong data-start=\"565\" data-end=\"586\">hanko en katakana<\/strong>, la transcription japonaise des noms \u00e9trangers.<\/p>\n<ul>\n<li data-start=\"638\" data-end=\"1115\"><strong data-start=\"640\" data-end=\"671\">Personnalisation sur mesure<\/strong> : Votre nom traduit en <strong data-start=\"695\" data-end=\"707\">katakana<\/strong> (le script japonais utilis\u00e9 pour les noms \u00e9trangers).<\/li>\n<li data-start=\"638\" data-end=\"1115\"><strong data-start=\"765\" data-end=\"793\">Format compact (\u00d8 15 mm)<\/strong> : Id\u00e9al pour signer des documents, des cartes de correspondance ou ajouter une touche japonaise \u00e0 vos cr\u00e9ations.<\/li>\n<li data-start=\"638\" data-end=\"1115\"><strong data-start=\"911\" data-end=\"929\">Encre int\u00e9gr\u00e9e<\/strong> : Pr\u00eat \u00e0 l\u2019emploi pour des milliers d&rsquo;impressions parfaites.<\/li>\n<li data-start=\"638\" data-end=\"1115\"><strong data-start=\"1120\" data-end=\"1135\">Utilisation<\/strong> : Tamponnez votre signature japonaise sur des lettres, des carnets, des livres ou m\u00eame pour un usage artistique !<\/li>\n<\/ul>\n","protected":false},"excerpt":{"rendered":"<p>Dimensions : \u00d8 15 mm | Livraison en 48 heures*<\/p>\n","protected":false},"featured_media":62624,"comment_status":"open","ping_status":"closed","template":"","meta":[],"product_brand":[],"product_cat":[20],"product_tag":[],"class_list":{"0":"post-62622","1":"product","2":"type-product","3":"status-publish","4":"has-post-thumbnail","6":"product_cat-eos","7":"product_shipping_class-classe-l","9":"first","10":"instock","11":"taxable","12":"shipping-taxable","13":"purchasable","14":"product-type-simple"},"exclude_global_add_ons":true,"addons":[{"name":"Votre nom","type":"custom_text","position":0,"required":true,"title_format":"heading","description_enable":false,"description":"","placeholder_enable":false,"placeholder":"","display":"select","restrictions_type":"any_text","adjust_price":false,"price":"","price_type":"flat_fee","restrictions":true,"min":1,"max":20,"options":[],"id":1739295788},{"name":"Couleur de l'encre","type":"multiple_choice","position":1,"required":true,"title_format":"heading","description_enable":false,"description":"","placeholder_enable":false,"placeholder":"","display":"images","restrictions_type":"any_text","adjust_price":false,"price":"","price_type":"flat_fee","restrictions":false,"min":0,"max":0,"options":[{"label":"Noire","price":"","price_type":"flat_fee","image":40714},{"label":"Rouge","price":"","price_type":"flat_fee","image":40715}],"id":1739295789},{"name":"Style","type":"multiple_choice","position":2,"required":true,"title_format":"heading","description_enable":false,"description":"","placeholder_enable":false,"placeholder":"","display":"images","restrictions_type":"any_text","adjust_price":false,"price":"","price_type":"flat_fee","restrictions":false,"min":0,"max":0,"options":[{"label":"Avec bord","price":"","price_type":"flat_fee","image":62635},{"label":"Invers\u00e9","price":"","price_type":"flat_fee","image":62636}],"id":1739295790},{"name":"Fonte de police","type":"multiple_choice","position":3,"required":true,"title_format":"heading","description_enable":false,"description":"","placeholder_enable":false,"placeholder":"","display":"images","restrictions_type":"any_text","adjust_price":false,"price":"","price_type":"flat_fee","restrictions":false,"min":0,"max":0,"options":[{"label":"Yu Mincho","price":"","price_type":"flat_fee","image":62638},{"label":"Kozuka Gothic","price":"","price_type":"flat_fee","image":62637}],"id":1739295791},{"name":"Flacon d\u2019encre pour tampons COLOP EOS","type":"multiple_choice","position":4,"required":false,"title_format":"heading","description_enable":true,"description":"Ne manquez jamais d\u2019encre gr\u00e2ce \u00e0 ce flacon pratique, id\u00e9al pour r\u00e9-encrer facilement votre tampon COLOP EOS.","placeholder_enable":false,"placeholder":"","display":"images","restrictions_type":"any_text","adjust_price":false,"price":"","price_type":"flat_fee","restrictions":false,"min":0,"max":0,"options":[{"label":"Flacon d\u2019encre pour tampons COLOP EOS - Flacon d\u2019encre noire","price":"7.95","price_type":"flat_fee","image":61256},{"label":"Flacon d\u2019encre pour tampons COLOP EOS - Flacon d\u2019encre rouge","price":"7.95","price_type":"flat_fee","image":61257}],"id":1739308203},{"name":"Vid\u00e9o de fabrication","type":"checkbox","position":5,"required":false,"title_format":"heading","description_enable":true,"description":"Nous r\u00e9alisons une vid\u00e9o montrant les \u00e9tapes de fabrication de votre tampon, que nous vous enverrons par la suite. En s\u00e9lectionnant cette option, vous acceptez que cette vid\u00e9o puisse \u00eatre partag\u00e9e sur les r\u00e9seaux sociaux et\/ou notre site internet. Veuillez noter qu\u2019en cas de forte demande, il se peut que nous ne puissions pas garantir la cr\u00e9ation d\u2019une vid\u00e9o pour chaque commande.","placeholder_enable":false,"placeholder":"","display":"select","restrictions_type":"any_text","adjust_price":false,"price":"","price_type":"flat_fee","restrictions":false,"min":0,"max":0,"options":[{"label":"Cr\u00e9er une vid\u00e9o","price":"","price_type":"flat_fee","image":0}],"id":1750772544}],"_links":{"self":[{"href":"https:\/\/www.hanko.lu\/fr\/wp-json\/wp\/v2\/product\/62622","targetHints":{"allow":["GET"]}}],"collection":[{"href":"https:\/\/www.hanko.lu\/fr\/wp-json\/wp\/v2\/product"}],"about":[{"href":"https:\/\/www.hanko.lu\/fr\/wp-json\/wp\/v2\/types\/product"}],"replies":[{"embeddable":true,"href":"https:\/\/www.hanko.lu\/fr\/wp-json\/wp\/v2\/comments?post=62622"}],"wp:featuredmedia":[{"embeddable":true,"href":"https:\/\/www.hanko.lu\/fr\/wp-json\/wp\/v2\/media\/62624"}],"wp:attachment":[{"href":"https:\/\/www.hanko.lu\/fr\/wp-json\/wp\/v2\/media?parent=62622"}],"wp:term":[{"taxonomy":"product_brand","embeddable":true,"href":"https:\/\/www.hanko.lu\/fr\/wp-json\/wp\/v2\/product_brand?post=62622"},{"taxonomy":"product_cat","embeddable":true,"href":"https:\/\/www.hanko.lu\/fr\/wp-json\/wp\/v2\/product_cat?post=62622"},{"taxonomy":"product_tag","embeddable":true,"href":"https:\/\/www.hanko.lu\/fr\/wp-json\/wp\/v2\/product_tag?post=62622"}],"curies":[{"name":"wp","href":"https:\/\/api.w.org\/{rel}","templated":true}]}}