{"id":1277,"date":"2017-02-11T19:06:31","date_gmt":"2017-02-11T18:06:31","guid":{"rendered":"https:\/\/www.hanko.lu\/?page_id=1277"},"modified":"2024-09-17T08:07:09","modified_gmt":"2024-09-17T06:07:09","slug":"creation-de-tampons-word","status":"publish","type":"page","link":"https:\/\/www.hanko.lu\/pt\/creation-de-tampons-word\/","title":{"rendered":"Tutorial: criando carimbos com Microsoft Word"},"content":{"rendered":"<h2>Introdu\u00e7\u00e3o<\/h2>\n<p>Word \u00e9 um software de processamento de texto f\u00e1cil de usar que permite criar rapidamente os modelos que voc\u00ea usar\u00e1 para fazer seus carimbos. Durante este tutorial, criaremos um modelo para o <a href=\"https:\/\/www.hanko.lu\/pt\/produto\/trodat-printy-4912\/\">Trodat Printy 4912<\/a> com nome e endere\u00e7o. As capturas de tela s\u00e3o da vers\u00e3o em ingl\u00eas do <strong>Palavra 2016 <\/strong>no Windows. Pode ser que em vers\u00f5es mais antigas ou no Mac os recursos utilizados estejam em menus diferentes.<\/p>\n<h2>Prepara\u00e7\u00e3o<\/h2>\n<figure id=\"attachment_1296\" aria-describedby=\"caption-attachment-1296\" style=\"width: 268px\" class=\"wp-caption alignright\"><img loading=\"lazy\" decoding=\"async\" class=\"size-full wp-image-1296\" src=\"https:\/\/www.hanko.lu\/wp-content\/uploads\/2017\/02\/hanko-word-tutorial-02-1.png\" alt=\"HANKO Luxembourg - Tutoriel Word\" width=\"268\" height=\"137\" \/><figcaption id=\"caption-attachment-1296\" class=\"wp-caption-text\"><strong>4.<\/strong> O tamanho do papel deve corresponder \u00e0s dimens\u00f5es do carimbo<\/figcaption><\/figure>\n<figure id=\"attachment_1290\" aria-describedby=\"caption-attachment-1290\" style=\"width: 261px\" class=\"wp-caption alignright\"><img loading=\"lazy\" decoding=\"async\" class=\"wp-image-1290 size-full\" src=\"https:\/\/www.hanko.lu\/wp-content\/uploads\/2017\/02\/hanko-word-tutorial-01.png\" alt=\"HANKO Luxembourg - Tutoriel Word\" width=\"261\" height=\"109\" \/><figcaption id=\"caption-attachment-1290\" class=\"wp-caption-text\"><strong>2.<\/strong> O bot\u00e3o \u201cMargens\u201d na guia \u201cLayout\u201d<\/figcaption><\/figure>\n<ol>\n<li>Abra o Microsoft Word e crie um novo documento.<\/li>\n<li>Na guia \u201cLayout\u201d da faixa de op\u00e7\u00f5es, clique no bot\u00e3o \u201c\u00a0<strong>Margens\u00a0<\/strong>\u00bb e escolha \u201c\u00a0<strong>Margens personalizadas\u00a0<\/strong>&quot;.<\/li>\n<li>Uma caixa de di\u00e1logo \u00e9 aberta. Nos campos <strong>Cima, Direita, Esquerda <\/strong>E<strong> Abaixo<\/strong> coloque 0,5 mm.<\/li>\n<li>Ainda na mesma caixa de di\u00e1logo, clique no bot\u00e3o \u201c <strong>P\u00e1gina<\/strong>&quot;. Nos campos <strong>Altura e Largura<\/strong> coloque as dimens\u00f5es que correspondem ao modelo de carimbo desejado; 47 mm x 18 mm no Trodat Printy 4912.<\/li>\n<li>\u00a0Valide clicando em OK. Provavelmente aparecer\u00e1 na tela um aviso sobre a \u00e1rea de impress\u00e3o. Voc\u00ea pode ignor\u00e1-lo porque n\u00e3o se trata de como o documento ser\u00e1 utilizado.<\/li>\n<\/ol>\n<h2>Composi\u00e7\u00e3o<\/h2>\n<figure id=\"attachment_1307\" aria-describedby=\"caption-attachment-1307\" style=\"width: 266px\" class=\"wp-caption alignright\"><img loading=\"lazy\" decoding=\"async\" class=\"wp-image-1307 size-full\" src=\"https:\/\/www.hanko.lu\/wp-content\/uploads\/2017\/02\/hanko-word-tutorial-03-small.png\" alt=\"HANKO Luxembourg - Tutoriel - Cr\u00e9ation de tampons avec Word\" width=\"266\" height=\"102\" \/><figcaption id=\"caption-attachment-1307\" class=\"wp-caption-text\">Maquete de endere\u00e7o da empresa com moldura.<\/figcaption><\/figure>\n<p>Agora voc\u00ea pode compor sua maquete que pode incluir texto, molduras, tabelas ou at\u00e9 imagens (somente preto e branco). Ao terminar, recomendamos que voc\u00ea imprima sua maquete para avalia\u00e7\u00e3o. Verifique se o texto est\u00e1 leg\u00edvel e n\u00e3o cont\u00e9m erros ortogr\u00e1ficos.<\/p>\n<h2>Exportar<\/h2>\n<figure id=\"attachment_1310\" aria-describedby=\"caption-attachment-1310\" style=\"width: 368px\" class=\"wp-caption alignright\"><img loading=\"lazy\" decoding=\"async\" class=\"size-full wp-image-1310\" src=\"https:\/\/www.hanko.lu\/wp-content\/uploads\/2017\/02\/hanko-word-tutorial-04.png\" alt=\"HANKO Luxembourg - Tutoriel Word\" width=\"368\" height=\"180\" \/><figcaption id=\"caption-attachment-1310\" class=\"wp-caption-text\">Na se\u00e7\u00e3o de tipo de arquivo, escolha \u201cPDF\u201d<\/figcaption><\/figure>\n<p>Por fim, exporte sua maquete para o formato PDF. Existem v\u00e1rias maneiras de conseguir isso:<\/p>\n<ul>\n<li>No card\u00e1pio \u201c\u00a0<strong>Arquivo\u00a0<\/strong>\u00bb, clique em \u201c\u00a0<strong>Salvar como<\/strong>\u2026\u201d e na parte \u201c\u00a0<strong>Formato de arquivo<\/strong>&quot; escolher <strong>PDF<\/strong><\/li>\n<li>Se voc\u00ea tiver o Adobe Acrobat Pro instalado, provavelmente ter\u00e1 uma guia PDF na faixa de op\u00e7\u00f5es que exibe a op\u00e7\u00e3o &quot;\u00a0<strong>Crie um PDF<\/strong> \u00bb<\/li>\n<li>Existem muitos plug-ins para Word que permitem exportar para PDF<\/li>\n<li>Existem ferramentas online, facilmente encontradas no Google, que permitem converter seu documento Word em PDF<\/li>\n<\/ul>\n<h2>Ordem<\/h2>\n<p>Agora voc\u00ea possui um modelo adequado para produ\u00e7\u00e3o. V\u00e1 para <a href=\"https:\/\/www.hanko.lu\/pt\/\">www.hanko.lu<\/a>, <a href=\"https:\/\/www.hanko.lu\/pt\/categoria-produto\/tampons-automatiques\/trodat-printy\/?orderby=price\">escolha o modelo do seu carimbo<\/a>, importe seu arquivo PDF e finalize o pedido. Para garantir uma qualidade impec\u00e1vel, todos os modelos s\u00e3o verificados pela nossa equipe antes da produ\u00e7\u00e3o. N\u00e3o consegue criar seu modelo sozinho? N\u00f3s cuidaremos disso! Basta enviar-nos um pedido de or\u00e7amento por e-mail para <a href=\"mailto:info@hanko.lu\">info@hanko.lu<\/a>. Responderemos a voc\u00ea em menos de 24 horas.<\/p>","protected":false},"excerpt":{"rendered":"<p>Introduction Word est un logiciel de traitement de texte facile \u00ad\u00e0 utiliser qui vous permet de cr\u00e9er rapidement les maquettes qui serviront \u00e0 fabriquer vos tampons en caoutchouc. Au cours de ce tutoriel nous allons cr\u00e9er une maquette pour le Trodat Printy 4912 avec nom et adresse. Les captures d\u2019\u00e9cran proviennent de la version anglaise [&hellip;]<\/p>\n","protected":false},"author":1,"featured_media":0,"parent":0,"menu_order":0,"comment_status":"closed","ping_status":"closed","template":"","meta":{"footnotes":""},"class_list":["post-1277","page","type-page","status-publish","hentry"],"_links":{"self":[{"href":"https:\/\/www.hanko.lu\/pt\/wp-json\/wp\/v2\/pages\/1277","targetHints":{"allow":["GET"]}}],"collection":[{"href":"https:\/\/www.hanko.lu\/pt\/wp-json\/wp\/v2\/pages"}],"about":[{"href":"https:\/\/www.hanko.lu\/pt\/wp-json\/wp\/v2\/types\/page"}],"author":[{"embeddable":true,"href":"https:\/\/www.hanko.lu\/pt\/wp-json\/wp\/v2\/users\/1"}],"replies":[{"embeddable":true,"href":"https:\/\/www.hanko.lu\/pt\/wp-json\/wp\/v2\/comments?post=1277"}],"version-history":[{"count":0,"href":"https:\/\/www.hanko.lu\/pt\/wp-json\/wp\/v2\/pages\/1277\/revisions"}],"wp:attachment":[{"href":"https:\/\/www.hanko.lu\/pt\/wp-json\/wp\/v2\/media?parent=1277"}],"curies":[{"name":"wp","href":"https:\/\/api.w.org\/{rel}","templated":true}]}}