{"id":55976,"date":"2024-08-26T17:37:17","date_gmt":"2024-08-26T15:37:17","guid":{"rendered":"https:\/\/www.hanko.lu\/?post_type=product&#038;p=55976"},"modified":"2025-11-29T09:22:11","modified_gmt":"2025-11-29T08:22:11","slug":"coussin-encreur-trodat-9054","status":"publish","type":"product","link":"https:\/\/www.hanko.lu\/pt\/produto\/coussin-encreur-trodat-9054\/","title":{"rendered":"Almofada de tinta Trodat 9054"},"content":{"rendered":"<h2>Caracter\u00edsticas<\/h2>\n<ul>\n<li><strong>Tinta indel\u00e9vel \u00e0 base de \u00e1gua<\/strong>\u00a0est\u00e1 em conformidade com DIN ISO 14145-15<\/li>\n<li>Fa\u00e7a milhares de impress\u00f5es perfeitas<\/li>\n<li>Re-tintagem simples e limpa com tinta\u00a0<a href=\"https:\/\/www.hanko.lu\/pt\/produto\/encre-trodat-7011-pour-tampons-encreurs\/\">Trodat 7011<\/a><\/li>\n<li>Ecologicamente correto feito com pelo menos pl\u00e1stico reciclado 95%<\/li>\n<li>Usar <a href=\"https:\/\/www.hanko.lu\/pt\/categoria-produto\/flacon-encre-pour-tampons-encreurs\/\">tintas especiais<\/a> com a almofada de tinta sem tinta<\/li>\n<\/ul>","protected":false},"excerpt":{"rendered":"<p>A almofada de tinta Trodat 9054 \u00e9 ideal para pintar carimbos de madeira ou carimbos com tinta separada.<\/p>\n<ul class=\"short-features\">\n<li><i class=\"fas fa-expand-alt\"><\/i><strong>Dimens\u00f5es da almofada:<\/strong> 210x148mm<\/li>\n<li><i class=\"fas fa-truck\"><\/i><strong>Enviado<\/strong> dentro de 1 a 2 dias \u00fateis<\/li>\n<\/ul>","protected":false},"featured_media":49895,"comment_status":"open","ping_status":"closed","template":"","meta":[],"product_brand":[940],"product_cat":[157],"product_tag":[],"class_list":{"0":"post-55976","1":"product","2":"type-product","3":"status-publish","4":"has-post-thumbnail","6":"product_brand-trodat","7":"product_cat-coussins-encreurs","8":"product_shipping_class-classe-l","10":"first","11":"instock","12":"taxable","13":"shipping-taxable","14":"purchasable","15":"product-type-variable","16":"has-default-attributes"},"exclude_global_add_ons":[],"addons":[],"_links":{"self":[{"href":"https:\/\/www.hanko.lu\/pt\/wp-json\/wp\/v2\/product\/55976","targetHints":{"allow":["GET"]}}],"collection":[{"href":"https:\/\/www.hanko.lu\/pt\/wp-json\/wp\/v2\/product"}],"about":[{"href":"https:\/\/www.hanko.lu\/pt\/wp-json\/wp\/v2\/types\/product"}],"replies":[{"embeddable":true,"href":"https:\/\/www.hanko.lu\/pt\/wp-json\/wp\/v2\/comments?post=55976"}],"wp:featuredmedia":[{"embeddable":true,"href":"https:\/\/www.hanko.lu\/pt\/wp-json\/wp\/v2\/media\/49895"}],"wp:attachment":[{"href":"https:\/\/www.hanko.lu\/pt\/wp-json\/wp\/v2\/media?parent=55976"}],"wp:term":[{"taxonomy":"product_brand","embeddable":true,"href":"https:\/\/www.hanko.lu\/pt\/wp-json\/wp\/v2\/product_brand?post=55976"},{"taxonomy":"product_cat","embeddable":true,"href":"https:\/\/www.hanko.lu\/pt\/wp-json\/wp\/v2\/product_cat?post=55976"},{"taxonomy":"product_tag","embeddable":true,"href":"https:\/\/www.hanko.lu\/pt\/wp-json\/wp\/v2\/product_tag?post=55976"}],"curies":[{"name":"wp","href":"https:\/\/api.w.org\/{rel}","templated":true}]}}