{"id":55980,"date":"2024-08-26T17:37:18","date_gmt":"2024-08-26T15:37:18","guid":{"rendered":"https:\/\/www.hanko.lu\/?post_type=product&#038;p=55980"},"modified":"2025-10-12T18:27:27","modified_gmt":"2025-10-12T16:27:27","slug":"encre-pour-textile-trodat-7750","status":"publish","type":"product","link":"https:\/\/www.hanko.lu\/pt\/produto\/encre-pour-textile-trodat-7750\/","title":{"rendered":"Tinta t\u00eaxtil Trodat 7750"},"content":{"rendered":"<h2>Caracter\u00edsticas<\/h2>\n<ul>\n<li>Para estampar diretamente no tecido<\/li>\n<li>Suporta muitas lavagens <strong>at\u00e9 95\u00baC<\/strong><\/li>\n<li>Muitos cassetes de tinta est\u00e3o dispon\u00edveis <a href=\"\/pt\/ink-color\/non-encre\/\">sem tinta<\/a>, que voc\u00ea pode pintar com tintas especiais como esta<\/li>\n<li><strong>Hipoalerg\u00eanico<\/strong><\/li>\n<li>Suporta diferentes tecidos, como algod\u00e3o, linho, poli\u00e9ster, etc.<\/li>\n<li>Muito resistente aos solventes usuais utilizados em lavanderias<\/li>\n<li>O cassete de tinta n\u00e3o secar\u00e1 por um ano<\/li>\n<li>Adequado para carimbos com placas de borracha, bem como carimbos DIY<\/li>\n<\/ul>","protected":false},"excerpt":{"rendered":"<p>A tinta Trodat 7750 pode ser usada para marcar muitos t\u00eaxteis e \u00e9 resistente \u00e0 lavagem na m\u00e1quina.<\/p>\n<ul class=\"short-features\">\n<li><i class=\"fas fa-tint\"><\/i><strong>Conte\u00fado da garrafa:<\/strong> 28ml<\/li>\n<li><i class=\"fas fa-palette\"><\/i><strong>Cor da tinta:<\/strong> preto<\/li>\n<li><i class=\"fas fa-truck\"><\/i><strong>Enviado<\/strong> dentro de 3 a 4 dias \u00fateis<\/li>\n<\/ul>","protected":false},"featured_media":49542,"comment_status":"open","ping_status":"closed","template":"","meta":[],"product_brand":[],"product_cat":[156,448],"product_tag":[],"class_list":{"0":"post-55980","1":"product","2":"type-product","3":"status-publish","4":"has-post-thumbnail","6":"product_cat-encres-pour-tampons-encreurs","7":"product_cat-marquage-textile","8":"product_shipping_class-classe-l","10":"first","11":"instock","12":"taxable","13":"shipping-taxable","14":"purchasable","15":"product-type-simple"},"exclude_global_add_ons":[],"addons":[],"_links":{"self":[{"href":"https:\/\/www.hanko.lu\/pt\/wp-json\/wp\/v2\/product\/55980","targetHints":{"allow":["GET"]}}],"collection":[{"href":"https:\/\/www.hanko.lu\/pt\/wp-json\/wp\/v2\/product"}],"about":[{"href":"https:\/\/www.hanko.lu\/pt\/wp-json\/wp\/v2\/types\/product"}],"replies":[{"embeddable":true,"href":"https:\/\/www.hanko.lu\/pt\/wp-json\/wp\/v2\/comments?post=55980"}],"wp:featuredmedia":[{"embeddable":true,"href":"https:\/\/www.hanko.lu\/pt\/wp-json\/wp\/v2\/media\/49542"}],"wp:attachment":[{"href":"https:\/\/www.hanko.lu\/pt\/wp-json\/wp\/v2\/media?parent=55980"}],"wp:term":[{"taxonomy":"product_brand","embeddable":true,"href":"https:\/\/www.hanko.lu\/pt\/wp-json\/wp\/v2\/product_brand?post=55980"},{"taxonomy":"product_cat","embeddable":true,"href":"https:\/\/www.hanko.lu\/pt\/wp-json\/wp\/v2\/product_cat?post=55980"},{"taxonomy":"product_tag","embeddable":true,"href":"https:\/\/www.hanko.lu\/pt\/wp-json\/wp\/v2\/product_tag?post=55980"}],"curies":[{"name":"wp","href":"https:\/\/api.w.org\/{rel}","templated":true}]}}