{"id":56692,"date":"2024-08-26T18:14:54","date_gmt":"2024-08-26T16:14:54","guid":{"rendered":"https:\/\/www.hanko.lu\/?post_type=product&#038;p=56692"},"modified":"2026-04-28T16:58:17","modified_gmt":"2026-04-28T14:58:17","slug":"encre-sechage-rapide-trodat-7021","status":"publish","type":"product","link":"https:\/\/www.hanko.lu\/pt\/produto\/encre-sechage-rapide-trodat-7021\/","title":{"rendered":"Tinta de secagem r\u00e1pida Trodat 7021"},"content":{"rendered":"","protected":false},"excerpt":{"rendered":"<p>A tinta de secagem r\u00e1pida Trodat 7021 foi desenvolvida <strong>para marcar superf\u00edcies n\u00e3o porosas<\/strong> como papel brilhante, pl\u00e1stico, vidro, metal, etc. O tempo de secagem depende do material que voc\u00ea est\u00e1 estampando.<\/p>\n<ul class=\"short-features\">\n<li><i class=\"fas fa-tint\"><\/i><strong>Conte\u00fado da garrafa:<\/strong> 25ml<\/li>\n<li><i class=\"fas fa-truck\"><\/i><strong>Enviado<\/strong> dentro de 1 a 2 dias \u00fateis<\/li>\n<\/ul>","protected":false},"featured_media":48006,"comment_status":"open","ping_status":"closed","template":"","meta":[],"product_brand":[],"product_cat":[156],"product_tag":[],"class_list":{"0":"post-56692","1":"product","2":"type-product","3":"status-publish","4":"has-post-thumbnail","6":"product_cat-encres-pour-tampons-encreurs","7":"product_shipping_class-classe-l","9":"first","10":"instock","11":"taxable","12":"shipping-taxable","13":"purchasable","14":"product-type-variable"},"exclude_global_add_ons":[],"addons":[],"_links":{"self":[{"href":"https:\/\/www.hanko.lu\/pt\/wp-json\/wp\/v2\/product\/56692","targetHints":{"allow":["GET"]}}],"collection":[{"href":"https:\/\/www.hanko.lu\/pt\/wp-json\/wp\/v2\/product"}],"about":[{"href":"https:\/\/www.hanko.lu\/pt\/wp-json\/wp\/v2\/types\/product"}],"replies":[{"embeddable":true,"href":"https:\/\/www.hanko.lu\/pt\/wp-json\/wp\/v2\/comments?post=56692"}],"wp:featuredmedia":[{"embeddable":true,"href":"https:\/\/www.hanko.lu\/pt\/wp-json\/wp\/v2\/media\/48006"}],"wp:attachment":[{"href":"https:\/\/www.hanko.lu\/pt\/wp-json\/wp\/v2\/media?parent=56692"}],"wp:term":[{"taxonomy":"product_brand","embeddable":true,"href":"https:\/\/www.hanko.lu\/pt\/wp-json\/wp\/v2\/product_brand?post=56692"},{"taxonomy":"product_cat","embeddable":true,"href":"https:\/\/www.hanko.lu\/pt\/wp-json\/wp\/v2\/product_cat?post=56692"},{"taxonomy":"product_tag","embeddable":true,"href":"https:\/\/www.hanko.lu\/pt\/wp-json\/wp\/v2\/product_tag?post=56692"}],"curies":[{"name":"wp","href":"https:\/\/api.w.org\/{rel}","templated":true}]}}