{"id":56874,"date":"2024-08-26T18:17:39","date_gmt":"2024-08-26T16:17:39","guid":{"rendered":"https:\/\/www.hanko.lu\/?post_type=product&#038;p=56874"},"modified":"2026-03-11T08:01:11","modified_gmt":"2026-03-11T07:01:11","slug":"trodat-professional-5212","status":"publish","type":"product","link":"https:\/\/www.hanko.lu\/pt\/produto\/trodat-professional-5212\/","title":{"rendered":"Trodat Profissional 5212"},"content":{"rendered":"<h3>Trodat Professional 5212 \u2013 Para impress\u00f5es grandes<\/h3>\n<p>Com um tamanho de impress\u00e3o de 116 x 70 mm, o carimbo Trodat Professional 5212 \u00e9 ideal para impress\u00f5es grandes \u2013 especialmente ideal para armaz\u00e9ns, controle de qualidade ou contabilidade. Tamb\u00e9m permite que sacolas de papel sejam personalizadas em pequenos lotes para os comerciantes.<\/p>\n<p><span lang=\"FR\">O carimbo Professional 5212 \u00e9 vers\u00e1til e pode substituir grandes carimbos manuais por almofadas de tinta gra\u00e7as ao seu formato e ao cassete de tinta j\u00e1 integrado.<\/span> \u200bComo todos os carimbos da linha Professional Line, o Trodat 5212 \u00e9 ideal para uso di\u00e1rio no escrit\u00f3rio e garante impress\u00f5es limpas e precisas.<\/p>\n<p><strong>Tamanho m\u00e1ximo da placa\u00a0<\/strong>: 116 x 70 mm |\u00a0<strong>Almofada de tinta:<\/strong> <a href=\"https:\/\/www.hanko.lu\/pt\/produto\/cassette-encrage-trodat-6-512\/\">6\/512<\/a>, <a href=\"https:\/\/www.hanko.lu\/pt\/produto\/cassette-encrage-trodat-6-512\/\">6\/512\/2<\/a><\/p>","protected":false},"excerpt":{"rendered":"<p>Trodat Professional 5212 &#8211; Pour les empreintes de grande taille.<\/p>\n<p>Dimensions de la plaque : 116 x 70 mm<\/p>","protected":false},"featured_media":48277,"comment_status":"closed","ping_status":"closed","template":"","meta":[],"product_brand":[940],"product_cat":[43],"product_tag":[],"class_list":{"0":"post-56874","1":"product","2":"type-product","3":"status-publish","4":"has-post-thumbnail","6":"product_brand-trodat","7":"product_cat-trodat-professional-tampons-automatiques","8":"product_shipping_class-classe-l","10":"first","11":"instock","12":"taxable","13":"shipping-taxable","14":"purchasable","15":"product-type-simple"},"exclude_global_add_ons":false,"addons":[{"name":"Cor da tinta","type":"multiple_choice","position":0,"required":true,"title_format":"heading","description_enable":false,"description":"","placeholder_enable":false,"placeholder":"","display":"images","restrictions_type":"any_text","adjust_price":false,"price":"","price_type":"flat_fee","restrictions":false,"min":0,"max":0,"options":[{"label":"Encre noire","price":"","price_type":"flat_fee","image":40714},{"label":"Encre bleue","price":"","price_type":"flat_fee","image":40713},{"label":"Encre rouge","price":"","price_type":"flat_fee","image":40715},{"label":"Encre verte","price":"1","price_type":"flat_fee","image":40716},{"label":"Sans encre","price":"","price_type":"flat_fee","image":40720}],"id":1740401631},{"name":"Cor do anel","type":"multiple_choice","position":0,"required":false,"title_format":"label","description_enable":true,"description":"D\u00ea um toque de personaliza\u00e7\u00e3o ao seu Trodat Professional escolhendo uma cor diferente para o anel do cabo. Por padr\u00e3o, o anel \u00e9 preto, mas voc\u00ea tem a op\u00e7\u00e3o de selecionar uma cor diferente.","placeholder_enable":false,"placeholder":"","display":"images","restrictions_type":"any_text","adjust_price":false,"price":"","price_type":"flat_fee","restrictions":false,"min":0,"max":0,"options":[{"label":"Rouge","price":"2","price_type":"flat_fee","image":45445},{"label":"Bleue","price":"2","price_type":"flat_fee","image":45442},{"label":"Verte","price":"2","price_type":"flat_fee","image":45446},{"label":"Blanche","price":"2","price_type":"flat_fee","image":45441},{"label":"Aspect m\u00e9tal","price":"2","price_type":"flat_fee","image":45443}],"id":1725532882},{"name":"V\u00eddeo de fabrica\u00e7\u00e3o","type":"checkbox","position":0,"required":false,"title_format":"heading","description_enable":true,"description":"Oferecemos-lhe um v\u00eddeo que mostra as diferentes etapas de produ\u00e7\u00e3o do seu carimbo, o qual lhe ser\u00e1 enviado posteriormente. Ao escolher esta op\u00e7\u00e3o, concorda que o v\u00eddeo possa ser publicado nas nossas redes sociais e\/ou no nosso site. Por favor, note que, se o seu carimbo contiver informa\u00e7\u00f5es pessoais, estas aparecer\u00e3o no v\u00eddeo. Em caso de elevada procura, n\u00e3o podemos garantir a realiza\u00e7\u00e3o de um v\u00eddeo para cada encomenda.","placeholder_enable":false,"placeholder":"","display":"select","restrictions_type":"any_text","adjust_price":false,"price":"","price_type":"flat_fee","restrictions":false,"min":0,"max":0,"options":[{"label":"Cr\u00e9er une vid\u00e9o","price":"","price_type":"flat_fee","image":0}],"id":1750771751},{"name":"Importar um arquivo","type":"file_upload","position":0,"required":false,"title_format":"heading","description_enable":true,"description":"Voc\u00ea pode importar um arquivo usando o bot\u00e3o abaixo para personalizar a placa do seu carimbo.","placeholder_enable":false,"placeholder":"","display":"select","restrictions_type":"any_text","adjust_price":false,"price":"","price_type":"quantity_based","restrictions":false,"min":0,"max":0,"options":[],"id":1727099281},{"name":"Personaliza\u00e7\u00e3o","type":"custom_textarea","position":1,"required":false,"title_format":"heading","description_enable":true,"description":"Insira abaixo o texto desejado para a personaliza\u00e7\u00e3o do seu carimbo. Sinta-se \u00e0 vontade para adicionar coment\u00e1rios ou instru\u00e7\u00f5es adicionais.","placeholder_enable":false,"placeholder":"","display":"select","restrictions_type":"any_text","adjust_price":false,"price":"","price_type":"quantity_based","restrictions":false,"min":0,"max":0,"options":[],"id":1727099283},{"name":"Alinhamento","type":"multiple_choice","position":2,"required":false,"title_format":"heading","description_enable":false,"description":"","placeholder_enable":false,"placeholder":"","display":"select","restrictions_type":"any_text","adjust_price":false,"price":"","price_type":"flat_fee","restrictions":false,"min":0,"max":0,"options":[{"label":"Texte centr\u00e9","price":"","price_type":"quantity_based","image":0},{"label":"Alignement \u00e0 gauche","price":"","price_type":"quantity_based","image":0},{"label":"Alignement \u00e0 droite","price":"","price_type":"quantity_based","image":0},{"label":"Justifi\u00e9","price":"","price_type":"quantity_based","image":0}],"id":1727099284},{"name":"Quadro","type":"multiple_choice","position":3,"required":false,"title_format":"heading","description_enable":false,"description":"","placeholder_enable":false,"placeholder":"","display":"select","restrictions_type":"any_text","adjust_price":false,"price":"","price_type":"flat_fee","restrictions":false,"min":0,"max":0,"options":[{"label":"Sans cadre","price":"","price_type":"quantity_based","image":0},{"label":"Ajouter un cadre simple","price":"","price_type":"quantity_based","image":0},{"label":"Ajouter un double cadre","price":"","price_type":"quantity_based","image":0}],"id":1727099285},{"name":"Fonte","type":"multiple_choice","position":4,"required":false,"title_format":"heading","description_enable":true,"description":"Para melhores resultados, recomendamos usar fontes sem serifa, como Arial ou Helvetica.","placeholder_enable":false,"placeholder":"","display":"select","restrictions_type":"any_text","adjust_price":false,"price":"","price_type":"flat_fee","restrictions":false,"min":0,"max":0,"options":[{"label":"Arial","price":"","price_type":"quantity_based","image":0},{"label":"Avant Garde","price":"","price_type":"quantity_based","image":0},{"label":"Futura","price":"","price_type":"quantity_based","image":0},{"label":"Helvetica","price":"","price_type":"quantity_based","image":0},{"label":"Verdana","price":"","price_type":"quantity_based","image":0},{"label":"Source Sans","price":"","price_type":"quantity_based","image":0},{"label":"Times New Roman","price":"","price_type":"quantity_based","image":0}],"id":1727099286},{"name":"Prova","type":"checkbox","position":5,"required":false,"title_format":"heading","description_enable":true,"description":"Marque a caixa abaixo para receber uma prova para aprova\u00e7\u00e3o antes da produ\u00e7\u00e3o.","placeholder_enable":false,"placeholder":"","display":"select","restrictions_type":"any_text","adjust_price":false,"price":"","price_type":"flat_fee","restrictions":false,"min":0,"max":0,"options":[{"label":"Recevoir une \u00e9preuve","price":"","price_type":"quantity_based","image":0}],"id":1727099287}],"_links":{"self":[{"href":"https:\/\/www.hanko.lu\/pt\/wp-json\/wp\/v2\/product\/56874","targetHints":{"allow":["GET"]}}],"collection":[{"href":"https:\/\/www.hanko.lu\/pt\/wp-json\/wp\/v2\/product"}],"about":[{"href":"https:\/\/www.hanko.lu\/pt\/wp-json\/wp\/v2\/types\/product"}],"replies":[{"embeddable":true,"href":"https:\/\/www.hanko.lu\/pt\/wp-json\/wp\/v2\/comments?post=56874"}],"wp:featuredmedia":[{"embeddable":true,"href":"https:\/\/www.hanko.lu\/pt\/wp-json\/wp\/v2\/media\/48277"}],"wp:attachment":[{"href":"https:\/\/www.hanko.lu\/pt\/wp-json\/wp\/v2\/media?parent=56874"}],"wp:term":[{"taxonomy":"product_brand","embeddable":true,"href":"https:\/\/www.hanko.lu\/pt\/wp-json\/wp\/v2\/product_brand?post=56874"},{"taxonomy":"product_cat","embeddable":true,"href":"https:\/\/www.hanko.lu\/pt\/wp-json\/wp\/v2\/product_cat?post=56874"},{"taxonomy":"product_tag","embeddable":true,"href":"https:\/\/www.hanko.lu\/pt\/wp-json\/wp\/v2\/product_tag?post=56874"}],"curies":[{"name":"wp","href":"https:\/\/api.w.org\/{rel}","templated":true}]}}