{"id":56961,"date":"2024-08-26T18:18:53","date_gmt":"2024-08-26T16:18:53","guid":{"rendered":"https:\/\/www.hanko.lu\/?post_type=product&#038;p=56961"},"modified":"2026-03-26T10:38:07","modified_gmt":"2026-03-26T09:38:07","slug":"tampon-en-bois-personnalise-o30mm","status":"publish","type":"product","link":"https:\/\/www.hanko.lu\/pt\/produto\/tampon-en-bois-personnalise-o30mm\/","title":{"rendered":"Carimbo de madeira personalizado \u00d8 30 mm"},"content":{"rendered":"<p>Carimbo de madeira que combina qualidade e durabilidade para suas necessidades profissionais ou criativas. Placa de borracha personaliz\u00e1vel, permitindo adicionar texto, logotipo ou imagem de sua escolha.<\/p>\n<p style=\"margin-bottom: 20px;\">Carimbo em madeira de faia envernizada, certificado FSC.<\/p>\n<p><img loading=\"lazy\" decoding=\"async\" class=\"alignleft size-medium wp-image-42911\" role=\"img\" src=\"https:\/\/www.hanko.lu\/wp-content\/uploads\/2023\/02\/fsc-label.svg\" alt=\"FSC Label\" width=\"300\" height=\"300\" \/><\/p>","protected":false},"excerpt":{"rendered":"<p>Dimens\u00f5es: \u00d8 30 mm | Entrega em 48 horas*<\/p>","protected":false},"featured_media":48457,"comment_status":"open","ping_status":"closed","template":"","meta":[],"product_brand":[],"product_cat":[38],"product_tag":[],"class_list":{"0":"post-56961","1":"product","2":"type-product","3":"status-publish","4":"has-post-thumbnail","6":"product_cat-tampons-en-bois","7":"product_shipping_class-classe-l","9":"first","10":"instock","11":"taxable","12":"shipping-taxable","13":"purchasable","14":"product-type-simple"},"exclude_global_add_ons":false,"addons":[{"name":"Tinta Woodies","type":"multiple_choice","position":0,"required":false,"title_format":"label","description_enable":true,"description":"Almofada de tinta com 33 mm de di\u00e2metro, dispon\u00edvel em diversas cores.","placeholder_enable":false,"placeholder":"","display":"images","restrictions_type":"any_text","adjust_price":false,"price":"","price_type":"flat_fee","restrictions":false,"min":0,"max":0,"options":[{"label":"01. Balance Blue","price":"5.60","price_type":"flat_fee","image":51598},{"label":"02. Carribean Creek","price":"5.60","price_type":"flat_fee","image":51599},{"label":"03. Lucky Lime","price":"5.60","price_type":"flat_fee","image":51600},{"label":"04. Sweet Sun","price":"5.60","price_type":"flat_fee","image":51616},{"label":"05. Royal Rose","price":"5.60","price_type":"flat_fee","image":51617},{"label":"06. Silent Sea","price":"5.60","price_type":"flat_fee","image":51618},{"label":"07. Beautiful Berry","price":"5.60","price_type":"flat_fee","image":51619},{"label":"08. Oriental Orange","price":"5.60","price_type":"flat_fee","image":51620},{"label":"09. Wondrous Wine","price":"5.60","price_type":"flat_fee","image":51621},{"label":"10. Lovable Lavender","price":"5.60","price_type":"flat_fee","image":51622},{"label":"11. Fondly Fontain","price":"5.60","price_type":"flat_fee","image":51623},{"label":"12. Calen Cloud","price":"5.60","price_type":"flat_fee","image":51624},{"label":"13. Marvellous Magnolia","price":"5.60","price_type":"flat_fee","image":51625},{"label":"15. Pretty Pink","price":"5.60","price_type":"flat_fee","image":51627},{"label":"16. Panic Pink","price":"5.60","price_type":"flat_fee","image":51628},{"label":"17. Outback Orange","price":"5.60","price_type":"flat_fee","image":51629},{"label":"19. Fir Forest","price":"5.60","price_type":"flat_fee","image":55750},{"label":"20. Ornamental Olive","price":"5.60","price_type":"flat_fee","image":51647},{"label":"21. Bright Beach","price":"5.60","price_type":"flat_fee","image":51648},{"label":"22. Soft Stone","price":"5.60","price_type":"flat_fee","image":51649},{"label":"23. Charming Copper","price":"5.60","price_type":"flat_fee","image":51650},{"label":"24. Fabled Frog","price":"5.60","price_type":"flat_fee","image":51651},{"label":"25. Classy Cacao","price":"5.60","price_type":"flat_fee","image":51652}],"id":1729863299},{"name":"Almofada de tinta Trodat 9051","type":"multiple_choice","position":1,"required":false,"title_format":"label","description_enable":true,"description":"Adicione uma almofada de tinta cl\u00e1ssica ao seu pedido. Dimens\u00f5es da almofada: 90 x 50 mm.","placeholder_enable":false,"placeholder":"","display":"images","restrictions_type":"any_text","adjust_price":false,"price":"","price_type":"flat_fee","restrictions":false,"min":0,"max":0,"options":[{"label":"Encre bleue","price":"4.95","price_type":"flat_fee","image":44719},{"label":"Encre rouge","price":"4.95","price_type":"flat_fee","image":44721},{"label":"Encre verte","price":"4.95","price_type":"flat_fee","image":44722},{"label":"Encre violette","price":"4.95","price_type":"flat_fee","image":44723}],"id":1729863301},{"name":"COLOP MAKE 1 almofada de tinta","type":"multiple_choice","position":2,"required":false,"title_format":"label","description_enable":true,"description":"Adicione uma almofada de tinta de alta qualidade ao seu pedido para impress\u00f5es excepcionais. Dimens\u00f5es da almofada: 90 x 50 mm.","placeholder_enable":false,"placeholder":"","display":"images","restrictions_type":"any_text","adjust_price":false,"price":"","price_type":"flat_fee","restrictions":false,"min":0,"max":0,"options":[{"label":"Brave Red","price":"5.90","price_type":"flat_fee","image":40614},{"label":"Calm Blue","price":"5.90","price_type":"flat_fee","image":40615},{"label":"Cozy Red","price":"5.90","price_type":"flat_fee","image":40616},{"label":"Fancy Grey","price":"5.90","price_type":"flat_fee","image":40617},{"label":"Fir Forest","price":"5.90","price_type":"flat_fee","image":40618},{"label":"Fresh Mint","price":"5.90","price_type":"flat_fee","image":40619},{"label":"Lovable Lavender","price":"5.90","price_type":"flat_fee","image":40621},{"label":"Noble Blue","price":"5.90","price_type":"flat_fee","image":40622},{"label":"Shiny Orange","price":"5.90","price_type":"flat_fee","image":40623},{"label":"Shiny Pink","price":"5.90","price_type":"flat_fee","image":40624},{"label":"Silent Sea","price":"5.90","price_type":"flat_fee","image":40625},{"label":"Smooth Green","price":"5.90","price_type":"flat_fee","image":40626},{"label":"Soft Pink","price":"5.90","price_type":"flat_fee","image":40627}],"id":1729863300},{"name":"V\u00eddeo de fabrica\u00e7\u00e3o","type":"checkbox","position":0,"required":false,"title_format":"heading","description_enable":true,"description":"Oferecemos-lhe um v\u00eddeo que mostra as diferentes etapas de produ\u00e7\u00e3o do seu carimbo, o qual lhe ser\u00e1 enviado posteriormente. Ao escolher esta op\u00e7\u00e3o, concorda que o v\u00eddeo possa ser publicado nas nossas redes sociais e\/ou no nosso site. Por favor, note que, se o seu carimbo contiver informa\u00e7\u00f5es pessoais, estas aparecer\u00e3o no v\u00eddeo. Em caso de elevada procura, n\u00e3o podemos garantir a realiza\u00e7\u00e3o de um v\u00eddeo para cada encomenda.","placeholder_enable":false,"placeholder":"","display":"select","restrictions_type":"any_text","adjust_price":false,"price":"","price_type":"flat_fee","restrictions":false,"min":0,"max":0,"options":[{"label":"Cr\u00e9er une vid\u00e9o","price":"","price_type":"flat_fee","image":0}],"id":1750771751},{"name":"Importar um arquivo","type":"file_upload","position":0,"required":false,"title_format":"heading","description_enable":true,"description":"Voc\u00ea pode importar um arquivo usando o bot\u00e3o abaixo para personalizar a placa do seu carimbo.","placeholder_enable":false,"placeholder":"","display":"select","restrictions_type":"any_text","adjust_price":false,"price":"","price_type":"quantity_based","restrictions":false,"min":0,"max":0,"options":[],"id":1727099281},{"name":"Personaliza\u00e7\u00e3o","type":"custom_textarea","position":1,"required":false,"title_format":"heading","description_enable":true,"description":"Insira abaixo o texto desejado para a personaliza\u00e7\u00e3o do seu carimbo. Sinta-se \u00e0 vontade para adicionar coment\u00e1rios ou instru\u00e7\u00f5es adicionais.","placeholder_enable":false,"placeholder":"","display":"select","restrictions_type":"any_text","adjust_price":false,"price":"","price_type":"quantity_based","restrictions":false,"min":0,"max":0,"options":[],"id":1727099283},{"name":"Alinhamento","type":"multiple_choice","position":2,"required":false,"title_format":"heading","description_enable":false,"description":"","placeholder_enable":false,"placeholder":"","display":"select","restrictions_type":"any_text","adjust_price":false,"price":"","price_type":"flat_fee","restrictions":false,"min":0,"max":0,"options":[{"label":"Texte centr\u00e9","price":"","price_type":"quantity_based","image":0},{"label":"Alignement \u00e0 gauche","price":"","price_type":"quantity_based","image":0},{"label":"Alignement \u00e0 droite","price":"","price_type":"quantity_based","image":0},{"label":"Justifi\u00e9","price":"","price_type":"quantity_based","image":0}],"id":1727099284},{"name":"Quadro","type":"multiple_choice","position":3,"required":false,"title_format":"heading","description_enable":false,"description":"","placeholder_enable":false,"placeholder":"","display":"select","restrictions_type":"any_text","adjust_price":false,"price":"","price_type":"flat_fee","restrictions":false,"min":0,"max":0,"options":[{"label":"Sans cadre","price":"","price_type":"quantity_based","image":0},{"label":"Ajouter un cadre simple","price":"","price_type":"quantity_based","image":0},{"label":"Ajouter un double cadre","price":"","price_type":"quantity_based","image":0}],"id":1727099285},{"name":"Fonte","type":"multiple_choice","position":4,"required":false,"title_format":"heading","description_enable":true,"description":"Para melhores resultados, recomendamos usar fontes sem serifa, como Arial ou Helvetica.","placeholder_enable":false,"placeholder":"","display":"select","restrictions_type":"any_text","adjust_price":false,"price":"","price_type":"flat_fee","restrictions":false,"min":0,"max":0,"options":[{"label":"Arial","price":"","price_type":"quantity_based","image":0},{"label":"Avant Garde","price":"","price_type":"quantity_based","image":0},{"label":"Futura","price":"","price_type":"quantity_based","image":0},{"label":"Helvetica","price":"","price_type":"quantity_based","image":0},{"label":"Verdana","price":"","price_type":"quantity_based","image":0},{"label":"Source Sans","price":"","price_type":"quantity_based","image":0},{"label":"Times New Roman","price":"","price_type":"quantity_based","image":0}],"id":1727099286},{"name":"Prova","type":"checkbox","position":5,"required":false,"title_format":"heading","description_enable":true,"description":"Marque a caixa abaixo para receber uma prova para aprova\u00e7\u00e3o antes da produ\u00e7\u00e3o.","placeholder_enable":false,"placeholder":"","display":"select","restrictions_type":"any_text","adjust_price":false,"price":"","price_type":"flat_fee","restrictions":false,"min":0,"max":0,"options":[{"label":"Recevoir une \u00e9preuve","price":"","price_type":"quantity_based","image":0}],"id":1727099287}],"_links":{"self":[{"href":"https:\/\/www.hanko.lu\/pt\/wp-json\/wp\/v2\/product\/56961","targetHints":{"allow":["GET"]}}],"collection":[{"href":"https:\/\/www.hanko.lu\/pt\/wp-json\/wp\/v2\/product"}],"about":[{"href":"https:\/\/www.hanko.lu\/pt\/wp-json\/wp\/v2\/types\/product"}],"replies":[{"embeddable":true,"href":"https:\/\/www.hanko.lu\/pt\/wp-json\/wp\/v2\/comments?post=56961"}],"wp:featuredmedia":[{"embeddable":true,"href":"https:\/\/www.hanko.lu\/pt\/wp-json\/wp\/v2\/media\/48457"}],"wp:attachment":[{"href":"https:\/\/www.hanko.lu\/pt\/wp-json\/wp\/v2\/media?parent=56961"}],"wp:term":[{"taxonomy":"product_brand","embeddable":true,"href":"https:\/\/www.hanko.lu\/pt\/wp-json\/wp\/v2\/product_brand?post=56961"},{"taxonomy":"product_cat","embeddable":true,"href":"https:\/\/www.hanko.lu\/pt\/wp-json\/wp\/v2\/product_cat?post=56961"},{"taxonomy":"product_tag","embeddable":true,"href":"https:\/\/www.hanko.lu\/pt\/wp-json\/wp\/v2\/product_tag?post=56961"}],"curies":[{"name":"wp","href":"https:\/\/api.w.org\/{rel}","templated":true}]}}