{"id":57670,"date":"2024-08-26T18:27:49","date_gmt":"2024-08-26T16:27:49","guid":{"rendered":"https:\/\/www.hanko.lu\/?post_type=product&#038;p=57670"},"modified":"2024-10-28T07:32:33","modified_gmt":"2024-10-28T06:32:33","slug":"plaque-de-texte-pour-dateur-trodat-printy-4726","status":"publish","type":"product","link":"https:\/\/www.hanko.lu\/pt\/produto\/plaque-de-texte-pour-dateur-trodat-printy-4726\/","title":{"rendered":"Placa de texto para Dater Trodat Printy 4726"},"content":{"rendered":"<p>Placa de borracha para seu Trodat Printy 4726. Muito f\u00e1ceis de instalar, todas as nossas placas s\u00e3o entregues com ficha e adesivo frente e verso.<\/p>\n<p><strong>Dimens\u00f5es<\/strong>: 75x38mm<\/p>\n<p>N\u00e3o se esque\u00e7a de substituir tamb\u00e9m o cassete de tinta que est\u00e1 danificado pela placa antiga. <strong>Cassete de tintagem para Trodat 4726<\/strong>:\u00a06\/4926,6\/4926\/2<\/p>","protected":false},"excerpt":{"rendered":"<p>Placa de borracha para Trodat Printy 4726. <\/p>","protected":false},"featured_media":48149,"comment_status":"closed","ping_status":"closed","template":"","meta":[],"product_brand":[],"product_cat":[33,172],"product_tag":[],"class_list":{"0":"post-57670","1":"product","2":"type-product","3":"status-publish","4":"has-post-thumbnail","6":"product_cat-plaques-de-texte","7":"product_cat-trodat-printy-plaques-de-texte","8":"product_shipping_class-classe-s","10":"first","11":"instock","12":"taxable","13":"shipping-taxable","14":"purchasable","15":"product-type-simple"},"exclude_global_add_ons":false,"addons":[{"name":"Importar um arquivo","type":"file_upload","position":0,"required":false,"title_format":"heading","description_enable":true,"description":"Voc\u00ea pode importar um arquivo usando o bot\u00e3o abaixo para personalizar a placa do seu carimbo.","placeholder_enable":false,"placeholder":"","display":"select","restrictions_type":"any_text","adjust_price":false,"price":"","price_type":"quantity_based","restrictions":false,"min":0,"max":0,"options":[],"id":1727099281},{"name":"Personaliza\u00e7\u00e3o","type":"custom_textarea","position":1,"required":false,"title_format":"heading","description_enable":true,"description":"Insira abaixo o texto desejado para a personaliza\u00e7\u00e3o do seu carimbo. Sinta-se \u00e0 vontade para adicionar coment\u00e1rios ou instru\u00e7\u00f5es adicionais.","placeholder_enable":false,"placeholder":"","display":"select","restrictions_type":"any_text","adjust_price":false,"price":"","price_type":"quantity_based","restrictions":false,"min":0,"max":0,"options":[],"id":1727099283},{"name":"Alinhamento","type":"multiple_choice","position":2,"required":false,"title_format":"heading","description_enable":false,"description":"","placeholder_enable":false,"placeholder":"","display":"select","restrictions_type":"any_text","adjust_price":false,"price":"","price_type":"flat_fee","restrictions":false,"min":0,"max":0,"options":[{"label":"Texte centr\u00e9","price":"","price_type":"quantity_based","image":0},{"label":"Alignement \u00e0 gauche","price":"","price_type":"quantity_based","image":0},{"label":"Alignement \u00e0 droite","price":"","price_type":"quantity_based","image":0},{"label":"Justifi\u00e9","price":"","price_type":"quantity_based","image":0}],"id":1727099284},{"name":"Quadro","type":"multiple_choice","position":3,"required":false,"title_format":"heading","description_enable":false,"description":"","placeholder_enable":false,"placeholder":"","display":"select","restrictions_type":"any_text","adjust_price":false,"price":"","price_type":"flat_fee","restrictions":false,"min":0,"max":0,"options":[{"label":"Sans cadre","price":"","price_type":"quantity_based","image":0},{"label":"Ajouter un cadre simple","price":"","price_type":"quantity_based","image":0},{"label":"Ajouter un double cadre","price":"","price_type":"quantity_based","image":0}],"id":1727099285},{"name":"Fonte","type":"multiple_choice","position":4,"required":false,"title_format":"heading","description_enable":true,"description":"Para melhores resultados, recomendamos usar fontes sem serifa, como Arial ou Helvetica.","placeholder_enable":false,"placeholder":"","display":"select","restrictions_type":"any_text","adjust_price":false,"price":"","price_type":"flat_fee","restrictions":false,"min":0,"max":0,"options":[{"label":"Arial","price":"","price_type":"quantity_based","image":0},{"label":"Avant Garde","price":"","price_type":"quantity_based","image":0},{"label":"Futura","price":"","price_type":"quantity_based","image":0},{"label":"Helvetica","price":"","price_type":"quantity_based","image":0},{"label":"Verdana","price":"","price_type":"quantity_based","image":0},{"label":"Source Sans","price":"","price_type":"quantity_based","image":0},{"label":"Times New Roman","price":"","price_type":"quantity_based","image":0}],"id":1727099286},{"name":"Prova","type":"checkbox","position":5,"required":false,"title_format":"heading","description_enable":true,"description":"Marque a caixa abaixo para receber uma prova para aprova\u00e7\u00e3o antes da produ\u00e7\u00e3o.","placeholder_enable":false,"placeholder":"","display":"select","restrictions_type":"any_text","adjust_price":false,"price":"","price_type":"flat_fee","restrictions":false,"min":0,"max":0,"options":[{"label":"Recevoir une \u00e9preuve","price":"","price_type":"quantity_based","image":0}],"id":1727099287}],"_links":{"self":[{"href":"https:\/\/www.hanko.lu\/pt\/wp-json\/wp\/v2\/product\/57670","targetHints":{"allow":["GET"]}}],"collection":[{"href":"https:\/\/www.hanko.lu\/pt\/wp-json\/wp\/v2\/product"}],"about":[{"href":"https:\/\/www.hanko.lu\/pt\/wp-json\/wp\/v2\/types\/product"}],"replies":[{"embeddable":true,"href":"https:\/\/www.hanko.lu\/pt\/wp-json\/wp\/v2\/comments?post=57670"}],"wp:featuredmedia":[{"embeddable":true,"href":"https:\/\/www.hanko.lu\/pt\/wp-json\/wp\/v2\/media\/48149"}],"wp:attachment":[{"href":"https:\/\/www.hanko.lu\/pt\/wp-json\/wp\/v2\/media?parent=57670"}],"wp:term":[{"taxonomy":"product_brand","embeddable":true,"href":"https:\/\/www.hanko.lu\/pt\/wp-json\/wp\/v2\/product_brand?post=57670"},{"taxonomy":"product_cat","embeddable":true,"href":"https:\/\/www.hanko.lu\/pt\/wp-json\/wp\/v2\/product_cat?post=57670"},{"taxonomy":"product_tag","embeddable":true,"href":"https:\/\/www.hanko.lu\/pt\/wp-json\/wp\/v2\/product_tag?post=57670"}],"curies":[{"name":"wp","href":"https:\/\/api.w.org\/{rel}","templated":true}]}}