{"id":59562,"date":"2024-08-26T18:51:06","date_gmt":"2024-08-26T16:51:06","guid":{"rendered":"https:\/\/www.hanko.lu\/?post_type=product&#038;p=59562"},"modified":"2025-10-02T14:39:54","modified_gmt":"2025-10-02T12:39:54","slug":"trodat-edy-flex-tampon-de-motivation-pour-enseignants-luxembourgeois","status":"publish","type":"product","link":"https:\/\/www.hanko.lu\/pt\/produto\/trodat-edy-flex-tampon-de-motivation-pour-enseignants-luxembourgeois\/","title":{"rendered":"Trodat edy FLEX \u2013 Selo motivacional para professores \u2013 Luxemburgu\u00eas"},"content":{"rendered":"<p><img loading=\"lazy\" decoding=\"async\" class=\"aligncenter size-full wp-image-41814\" src=\"https:\/\/www.hanko.lu\/wp-content\/uploads\/2022\/12\/trodat-edy-banner-fr.jpg\" alt=\"HANKO Stempel &amp; Gravur \u2013 Trodat edy \u2013 Banner\" width=\"940\" height=\"456\" \/><br \/>\nCom o <strong>trodat edy<\/strong>\u00ae apoiamos professores do ensino prim\u00e1rio e pr\u00e9-escolar na comunica\u00e7\u00e3o com os seus alunos.<\/p>\n<h2>Caracter\u00edsticas<\/h2>\n<ul class=\"a-unordered-list a-vertical a-spacing-mini\">\n<li><span class=\"a-list-item\"><strong>Incentive e motive<\/strong> crian\u00e7as na escola prim\u00e1ria<\/span><\/li>\n<li>Escolha entre 6 caixas, 15 cores de tinta e <strong>51 lindos padr\u00f5es<\/strong><\/li>\n<li>Voc\u00ea tamb\u00e9m pode personalizar o texto<\/li>\n<li><span class=\"a-list-item\">Tamb\u00e9m adequado para jardim de inf\u00e2ncia, livros criativos, scrapbooking ou apenas para divers\u00e3o<\/span><\/li>\n<li>Carimbo compacto com cassete de tinta integrada<\/li>\n<li>L\u00e1 <a href=\"https:\/\/www.hanko.lu\/pt\/produto\/cassette-encrage-trodat-6-4922\/\">Cassete de tinta Trodat 6\/4922<\/a> pode ser adquirido separadamente para ampliar o uso do seu selo<\/li>\n<li>Uma alternativa aos adesivos; <strong>O cassete de tinta integrado fornecer\u00e1 milhares de impress\u00f5es<\/strong><\/li>\n<li><span class=\"a-list-item\">Conceito ecol\u00f3gico da Trodat com alto teor de pl\u00e1stico reciclado<\/span><\/li>\n<li>Marca: Trodat<\/li>\n<\/ul>\n<p><img loading=\"lazy\" decoding=\"async\" class=\"alignright size-medium wp-image-40773\" role=\"img\" src=\"https:\/\/www.hanko.lu\/wp-content\/uploads\/2022\/11\/trodat-edy.svg\" alt=\"Trodat edy logo\" width=\"300\" height=\"300\" \/><\/p>","protected":false},"excerpt":{"rendered":"<ul class=\"short-features\">\n<li><i class=\"fas fa-check\"><\/i>Escolha a caixa, a cor da tinta e o design<\/li>\n<li><i class=\"fas fa-check\"><\/i><strong>51 padr\u00f5es<\/strong> diferente para escolher<\/li>\n<li><i class=\"fas fa-expand-alt\"><\/i><strong>Dimens\u00f5es da pegada:<\/strong> m\u00e1x. 20x20mm<\/li>\n<li><i class=\"fas fa-truck\"><\/i><strong>Enviado<\/strong> dentro de 2 a 3 dias \u00fateis<\/li>\n<\/ul>\n<p>Dispon\u00edvel em: <a href=\"https:\/\/www.hanko.lu\/pt\/produto\/trodat-edy-flex-tampon-de-motivation-pour-enseignants-francais\/\">Franc\u00eas<\/a>, <a href=\"https:\/\/www.hanko.lu\/pt\/produto\/trodat-edy-flex-tampon-de-motivation-pour-enseignants-luxembourgeois\/\">Luxemburgu\u00eas<\/a>, <a href=\"https:\/\/www.hanko.lu\/pt\/produto\/trodat-edy-flex-tampon-de-motivation-pour-enseignants-allemand\/\">Alem\u00e3o<\/a> E <a href=\"https:\/\/www.hanko.lu\/pt\/produto\/trodat-edy-flex-tampon-de-motivation-pour-enseignants-anglais\/\">Ingl\u00eas<\/a>.<\/p>","protected":false},"featured_media":51396,"comment_status":"open","ping_status":"closed","template":"","meta":[],"product_brand":[],"product_cat":[542,537],"product_tag":[],"class_list":{"0":"post-59562","1":"product","2":"type-product","3":"status-publish","4":"has-post-thumbnail","6":"product_cat-tampons-avec-motif","7":"product_cat-trodat-edy","8":"product_shipping_class-classe-l","10":"first","11":"instock","12":"taxable","13":"shipping-taxable","14":"purchasable","15":"product-type-variable"},"exclude_global_add_ons":true,"addons":[{"name":"Cor da tinta","type":"multiple_choice","position":0,"required":true,"title_format":"label","description_enable":false,"description":"","placeholder_enable":false,"placeholder":"","display":"images","restrictions_type":"any_text","adjust_price":false,"price":"","price_type":"flat_fee","restrictions":false,"min":0,"max":0,"options":[{"label":"Encre noire","price":"","price_type":"flat_fee","image":40714},{"label":"Encre bleue","price":"","price_type":"flat_fee","image":40713},{"label":"Encre rouge","price":"","price_type":"flat_fee","image":40715},{"label":"Encre verte","price":"","price_type":"flat_fee","image":40716},{"label":"Encre violette","price":"","price_type":"flat_fee","image":40717},{"label":"Encre pourpre","price":"","price_type":"flat_fee","image":40746},{"label":"Encre bleu ciel","price":"2","price_type":"flat_fee","image":40739},{"label":"Encre bleu clair","price":"2","price_type":"flat_fee","image":40740},{"label":"Encre brun orang\u00e9","price":"2","price_type":"flat_fee","image":40741},{"label":"Encre gris petit-gris","price":"2","price_type":"flat_fee","image":40742},{"label":"Encre jaune de s\u00e9curit\u00e9","price":"2","price_type":"flat_fee","image":40743},{"label":"Encre jaune zinc","price":"2","price_type":"flat_fee","image":40744},{"label":"Encre orange fonc\u00e9","price":"2","price_type":"flat_fee","image":40745},{"label":"Encre rouge carmin","price":"2","price_type":"flat_fee","image":40747},{"label":"Encre vert jaune","price":"2","price_type":"flat_fee","image":40748},{"label":"Sans encre","price":"","price_type":"flat_fee","image":40720}],"id":1725045690},{"name":"Padr\u00e3o","type":"multiple_choice","position":1,"required":true,"title_format":"label","description_enable":false,"description":"","placeholder_enable":false,"placeholder":"","display":"images","restrictions_type":"any_text","adjust_price":false,"price":"","price_type":"flat_fee","restrictions":false,"min":0,"max":0,"options":[{"label":"01. Smiley (frou)","price":"","price_type":"flat_fee","image":40888},{"label":"02. Smiley","price":"","price_type":"flat_fee","image":60192},{"label":"03. Smiley (n\u00ebt frou)","price":"","price_type":"flat_fee","image":60191},{"label":"04. Gutt geschafft!","price":"","price_type":"flat_fee","image":40838},{"label":"05. Perfekt!","price":"","price_type":"flat_fee","image":41902},{"label":"06. Ganz sch\u00e9in!","price":"","price_type":"flat_fee","image":41898},{"label":"07. Tiptop!","price":"","price_type":"flat_fee","image":41904},{"label":"08. Looss dech n\u00ebt h\u00e4nken","price":"","price_type":"flat_fee","image":41901},{"label":"09. Staark w\u00e9i en Draach!","price":"","price_type":"flat_fee","image":41903},{"label":"10. Immens!","price":"","price_type":"flat_fee","image":41900},{"label":"11. Weider esou!","price":"","price_type":"flat_fee","image":41906},{"label":"12. Super schnell!","price":"","price_type":"flat_fee","image":41857},{"label":"13. Gutt!","price":"","price_type":"flat_fee","image":41846},{"label":"14. Gol!","price":"","price_type":"flat_fee","image":41843},{"label":"15. Gudde Gediechtnes","price":"","price_type":"flat_fee","image":41845},{"label":"16. Et g\u00ebtt besser","price":"","price_type":"flat_fee","image":41839},{"label":"17. Gutt gemaach!","price":"","price_type":"flat_fee","image":41847},{"label":"18. Extra!","price":"","price_type":"flat_fee","image":40922},{"label":"19. \u00cbnnerschreiwen w.e.g.","price":"","price_type":"flat_fee","image":41837},{"label":"20. Hausaufgab","price":"","price_type":"flat_fee","image":41850},{"label":"21. LOL","price":"","price_type":"flat_fee","image":40919},{"label":"22. RLY?","price":"","price_type":"flat_fee","image":40918},{"label":"23. OMG","price":"","price_type":"flat_fee","image":40917},{"label":"24. WTF","price":"","price_type":"flat_fee","image":40916},{"label":"25. MDR","price":"","price_type":"flat_fee","image":40915},{"label":"26. Caca","price":"","price_type":"flat_fee","image":40914},{"label":"27. Superheld","price":"","price_type":"flat_fee","image":41858},{"label":"28. Huel der Z\u00e4it","price":"","price_type":"flat_fee","image":41851},{"label":"29. Flott!","price":"","price_type":"flat_fee","image":41841},{"label":"30. M\u00e9i proper schaffen","price":"","price_type":"flat_fee","image":41853},{"label":"31. Naja...","price":"","price_type":"flat_fee","image":41658},{"label":"32. Et k\u00e9int besser sinn","price":"","price_type":"flat_fee","image":41840},{"label":"33. Super!","price":"","price_type":"flat_fee","image":41668},{"label":"34. Schued","price":"","price_type":"flat_fee","image":41855},{"label":"35. Du bass schlau","price":"","price_type":"flat_fee","image":41836},{"label":"36. Gutt Iddi!","price":"","price_type":"flat_fee","image":41848},{"label":"37. Champion","price":"","price_type":"flat_fee","image":40898},{"label":"38. Staark w\u00e9i e L\u00e9iw","price":"","price_type":"flat_fee","image":41856},{"label":"39. M\u00e9i schnell schaffen","price":"","price_type":"flat_fee","image":41919},{"label":"40. \u00cbnner Waasser","price":"","price_type":"flat_fee","image":41838},{"label":"41. Wiederhuelen","price":"","price_type":"flat_fee","image":41859},{"label":"42. Ganz gutt!","price":"","price_type":"flat_fee","image":41842},{"label":"43. Kapp h\u00e9ich!","price":"","price_type":"flat_fee","image":41852},{"label":"44. Gudde Fortschr\u00ebtt","price":"","price_type":"flat_fee","image":41844},{"label":"45. Gutt geschafft!","price":"","price_type":"flat_fee","image":41860},{"label":"46. Bier","price":"","price_type":"flat_fee","image":60193},{"label":"47. Kann\u00e9ngchen","price":"","price_type":"flat_fee","image":60190},{"label":"48. Kaz","price":"","price_type":"flat_fee","image":60186},{"label":"49. Giraff","price":"","price_type":"flat_fee","image":60188},{"label":"50. Dinosaurier","price":"","price_type":"flat_fee","image":60187},{"label":"51. Eil","price":"","price_type":"flat_fee","image":60189}],"id":1724929418},{"name":"Alterar o texto","type":"custom_text","position":2,"required":false,"title_format":"label","description_enable":true,"description":"Personalize o seu carimbo alterando o texto ou adicionando a sua pr\u00f3pria mensagem ao design!","placeholder_enable":false,"placeholder":"","display":"select","restrictions_type":"any_text","adjust_price":true,"price":"2.95","price_type":"flat_fee","restrictions":false,"min":0,"max":0,"options":[],"id":1724942724},{"name":"V\u00eddeo de fabrica\u00e7\u00e3o","type":"checkbox","position":3,"required":false,"title_format":"heading","description_enable":true,"description":"Oferecemos-lhe um v\u00eddeo que mostra as diferentes etapas de produ\u00e7\u00e3o do seu carimbo, o qual lhe ser\u00e1 enviado posteriormente. Ao escolher esta op\u00e7\u00e3o, concorda que o v\u00eddeo possa ser publicado nas nossas redes sociais e\/ou no nosso site. Por favor, note que, se o seu carimbo contiver informa\u00e7\u00f5es pessoais, estas aparecer\u00e3o no v\u00eddeo. Em caso de elevada procura, n\u00e3o podemos garantir a realiza\u00e7\u00e3o de um v\u00eddeo para cada encomenda.","placeholder_enable":false,"placeholder":"","display":"select","restrictions_type":"any_text","adjust_price":false,"price":"","price_type":"flat_fee","restrictions":false,"min":0,"max":0,"options":[{"label":"Cr\u00e9er une vid\u00e9o","price":"","price_type":"flat_fee","image":0}],"id":1759415988}],"_links":{"self":[{"href":"https:\/\/www.hanko.lu\/pt\/wp-json\/wp\/v2\/product\/59562","targetHints":{"allow":["GET"]}}],"collection":[{"href":"https:\/\/www.hanko.lu\/pt\/wp-json\/wp\/v2\/product"}],"about":[{"href":"https:\/\/www.hanko.lu\/pt\/wp-json\/wp\/v2\/types\/product"}],"replies":[{"embeddable":true,"href":"https:\/\/www.hanko.lu\/pt\/wp-json\/wp\/v2\/comments?post=59562"}],"wp:featuredmedia":[{"embeddable":true,"href":"https:\/\/www.hanko.lu\/pt\/wp-json\/wp\/v2\/media\/51396"}],"wp:attachment":[{"href":"https:\/\/www.hanko.lu\/pt\/wp-json\/wp\/v2\/media?parent=59562"}],"wp:term":[{"taxonomy":"product_brand","embeddable":true,"href":"https:\/\/www.hanko.lu\/pt\/wp-json\/wp\/v2\/product_brand?post=59562"},{"taxonomy":"product_cat","embeddable":true,"href":"https:\/\/www.hanko.lu\/pt\/wp-json\/wp\/v2\/product_cat?post=59562"},{"taxonomy":"product_tag","embeddable":true,"href":"https:\/\/www.hanko.lu\/pt\/wp-json\/wp\/v2\/product_tag?post=59562"}],"curies":[{"name":"wp","href":"https:\/\/api.w.org\/{rel}","templated":true}]}}