{"id":59766,"date":"2024-08-26T18:53:45","date_gmt":"2024-08-26T16:53:45","guid":{"rendered":"https:\/\/www.hanko.lu\/?post_type=product&#038;p=59766"},"modified":"2025-02-21T08:15:05","modified_gmt":"2025-02-21T07:15:05","slug":"tampons-creatifs-woodies-collection-handmade","status":"publish","type":"product","link":"https:\/\/www.hanko.lu\/pt\/produto\/tampons-creatifs-woodies-collection-handmade\/","title":{"rendered":"Selos criativos Woodies \u2013 Cole\u00e7\u00e3o Artesanal"},"content":{"rendered":"<p>Woodies \u2013 Carimbos de madeira que far\u00e3o as del\u00edcias dos entusiastas da cria\u00e7\u00e3o. Quer seja um entusiasta do artesanato, um profissional criativo ou simplesmente algu\u00e9m que gosta de dar presentes personalizados, a nossa gama de cole\u00e7\u00f5es tem\u00e1ticas \u00e9 feita para si. Com os seus padr\u00f5es \u00fanicos e designs originais, estes pequenos carimbos s\u00e3o perfeitos para dar vida a todas as suas ideias criativas. Expresse sua personalidade e adicione um toque \u00fanico aos seus projetos DIY com Woodies.<\/p>\n<p><a href=\"https:\/\/www.hanko.lu\/wp-content\/uploads\/2023\/05\/woodies.svg\"><img loading=\"lazy\" decoding=\"async\" class=\"alignright size-medium wp-image-45177\" role=\"img\" src=\"https:\/\/www.hanko.lu\/wp-content\/uploads\/2023\/05\/woodies.svg\" alt=\"Woodies Logo\" width=\"300\" height=\"300\" \/><\/a><\/p>","protected":false},"excerpt":{"rendered":"<ul class=\"short-features\">\n<li><i class=\"fas fa-check\"><\/i><strong>8 padr\u00f5es<\/strong> diferente para escolher<\/li>\n<li><i class=\"fas fa-expand-alt\"><\/i><strong>Dimens\u00f5es da pegada:<\/strong> \u00d830mm<\/li>\n<li><i class=\"fas fa-truck\"><\/i><strong>Envio<\/strong> dentro de 24 horas<\/li>\n<\/ul>","protected":false},"featured_media":51745,"comment_status":"open","ping_status":"closed","template":"","meta":[],"product_brand":[],"product_cat":[542],"product_tag":[],"class_list":{"0":"post-59766","1":"product","2":"type-product","3":"status-publish","4":"has-post-thumbnail","6":"product_cat-tampons-avec-motif","7":"product_shipping_class-classe-l","9":"first","10":"instock","11":"taxable","12":"shipping-taxable","13":"purchasable","14":"product-type-variable"},"exclude_global_add_ons":false,"addons":[{"name":"Tinta Woodies","type":"multiple_choice","position":0,"required":false,"title_format":"label","description_enable":true,"description":"Almofada de tinta com 33 mm de di\u00e2metro, dispon\u00edvel em diversas cores.","placeholder_enable":false,"placeholder":"","display":"images","restrictions_type":"any_text","adjust_price":false,"price":"","price_type":"flat_fee","restrictions":false,"min":0,"max":0,"options":[{"label":"01. Balance Blue","price":"4.95","price_type":"flat_fee","image":51598},{"label":"02. Carribean Creek","price":"4.95","price_type":"flat_fee","image":51599},{"label":"03. Lucky Lime","price":"4.95","price_type":"flat_fee","image":51600},{"label":"04. Sweet Sun","price":"4.95","price_type":"flat_fee","image":51616},{"label":"05. Royal Rose","price":"4.95","price_type":"flat_fee","image":51617},{"label":"06. Silent Sea","price":"4.95","price_type":"flat_fee","image":51618},{"label":"07. Beautiful Berry","price":"4.95","price_type":"flat_fee","image":51619},{"label":"08. Oriental Orange","price":"4.95","price_type":"flat_fee","image":51620},{"label":"09. Wondrous Wine","price":"4.95","price_type":"flat_fee","image":51621},{"label":"10. Lovable Lavender","price":"4.95","price_type":"flat_fee","image":51622},{"label":"11. Fondly Fontain","price":"4.95","price_type":"flat_fee","image":51623},{"label":"12. Calen Cloud","price":"4.95","price_type":"flat_fee","image":51624},{"label":"13. Marvellous Magnolia","price":"4.95","price_type":"flat_fee","image":51625},{"label":"15. Pretty Pink","price":"4.95","price_type":"flat_fee","image":51627},{"label":"16. Panic Pink","price":"4.95","price_type":"flat_fee","image":51628},{"label":"17. Outback Orange","price":"4.95","price_type":"flat_fee","image":51629},{"label":"19. Fir Forest","price":"4.95","price_type":"flat_fee","image":55750},{"label":"20. Ornamental Olive","price":"4.95","price_type":"flat_fee","image":51647},{"label":"21. Bright Beach","price":"4.95","price_type":"flat_fee","image":51648},{"label":"22. Soft Stone","price":"4.95","price_type":"flat_fee","image":51649},{"label":"23. Charming Copper","price":"4.95","price_type":"flat_fee","image":51650},{"label":"24. Fabled Frog","price":"4.95","price_type":"flat_fee","image":51651},{"label":"25. Classy Cacao","price":"4.95","price_type":"flat_fee","image":51652}],"id":1725099794},{"name":"COLOP MAKE 1 almofada de tinta","type":"multiple_choice","position":1,"required":false,"title_format":"label","description_enable":true,"description":"Adicione uma almofada de tinta de alta qualidade ao seu pedido para impress\u00f5es excepcionais. Dimens\u00f5es da almofada: 90 x 50 mm.","placeholder_enable":false,"placeholder":"","display":"images","restrictions_type":"any_text","adjust_price":false,"price":"","price_type":"flat_fee","restrictions":false,"min":0,"max":0,"options":[{"label":"Brave Red","price":"5.20","price_type":"flat_fee","image":40614},{"label":"Calm Blue","price":"5.20","price_type":"flat_fee","image":40615},{"label":"Cozy Red","price":"5.20","price_type":"flat_fee","image":40616},{"label":"Fancy Grey","price":"5.20","price_type":"flat_fee","image":40617},{"label":"Fir Forest","price":"5.20","price_type":"flat_fee","image":40618},{"label":"Fresh Mint","price":"5.20","price_type":"flat_fee","image":40619},{"label":"Lovable Lavender","price":"5.20","price_type":"flat_fee","image":40621},{"label":"Noble Blue","price":"5.20","price_type":"flat_fee","image":40622},{"label":"Shiny Orange","price":"5.20","price_type":"flat_fee","image":40623},{"label":"Shiny Pink","price":"5.20","price_type":"flat_fee","image":40624},{"label":"Silent Sea","price":"5.20","price_type":"flat_fee","image":40625},{"label":"Smooth Green","price":"5.20","price_type":"flat_fee","image":40626},{"label":"Soft Pink","price":"5.20","price_type":"flat_fee","image":40627}],"id":1725099795},{"name":"Almofada de tinta Trodat 9051","type":"multiple_choice","position":2,"required":false,"title_format":"label","description_enable":true,"description":"Adicione uma almofada de tinta cl\u00e1ssica ao seu pedido. Dimens\u00f5es da almofada: 90 x 50 mm.","placeholder_enable":false,"placeholder":"","display":"images","restrictions_type":"any_text","adjust_price":false,"price":"","price_type":"flat_fee","restrictions":false,"min":0,"max":0,"options":[{"label":"Encre bleue","price":"3.95","price_type":"flat_fee","image":44719},{"label":"Encre rouge","price":"3.95","price_type":"flat_fee","image":44721},{"label":"Encre verte","price":"3.95","price_type":"flat_fee","image":44722},{"label":"Encre violette","price":"3.95","price_type":"flat_fee","image":44723}],"id":1725099796}],"_links":{"self":[{"href":"https:\/\/www.hanko.lu\/pt\/wp-json\/wp\/v2\/product\/59766","targetHints":{"allow":["GET"]}}],"collection":[{"href":"https:\/\/www.hanko.lu\/pt\/wp-json\/wp\/v2\/product"}],"about":[{"href":"https:\/\/www.hanko.lu\/pt\/wp-json\/wp\/v2\/types\/product"}],"replies":[{"embeddable":true,"href":"https:\/\/www.hanko.lu\/pt\/wp-json\/wp\/v2\/comments?post=59766"}],"wp:featuredmedia":[{"embeddable":true,"href":"https:\/\/www.hanko.lu\/pt\/wp-json\/wp\/v2\/media\/51745"}],"wp:attachment":[{"href":"https:\/\/www.hanko.lu\/pt\/wp-json\/wp\/v2\/media?parent=59766"}],"wp:term":[{"taxonomy":"product_brand","embeddable":true,"href":"https:\/\/www.hanko.lu\/pt\/wp-json\/wp\/v2\/product_brand?post=59766"},{"taxonomy":"product_cat","embeddable":true,"href":"https:\/\/www.hanko.lu\/pt\/wp-json\/wp\/v2\/product_cat?post=59766"},{"taxonomy":"product_tag","embeddable":true,"href":"https:\/\/www.hanko.lu\/pt\/wp-json\/wp\/v2\/product_tag?post=59766"}],"curies":[{"name":"wp","href":"https:\/\/api.w.org\/{rel}","templated":true}]}}