{"id":59805,"date":"2024-08-26T18:54:29","date_gmt":"2024-08-26T16:54:29","guid":{"rendered":"https:\/\/www.hanko.lu\/?post_type=product&#038;p=59805"},"modified":"2024-12-03T16:36:39","modified_gmt":"2024-12-03T15:36:39","slug":"colop-eos-20-xpress-tampon-flash-personnalise","status":"publish","type":"product","link":"https:\/\/www.hanko.lu\/pt\/produto\/colop-eos-20-xpress-tampon-flash-personnalise\/","title":{"rendered":"COLOP EOS 20 Xpress \u2013 Tinta preta"},"content":{"rendered":"<h3>COLOP EOS \u2013 A revolu\u00e7\u00e3o dos carimbos gra\u00e7as \u00e0 tecnologia Flash<\/h3>\n<p>O\u00a0<strong>COLOP EOS 20 Xpress<\/strong>\u00a0se destaca pela fabrica\u00e7\u00e3o com tecnologia\u00a0<strong>Clar\u00e3o<\/strong>, o m\u00e9todo mais avan\u00e7ado na ind\u00fastria de carimbos. Esta inova\u00e7\u00e3o permite produzir impress\u00f5es de excepcional clareza e precis\u00e3o, superando em muito as dos carimbos de borracha tradicionais. Com um carimbo EOS voc\u00ea pode criar at\u00e9\u00a0<strong>20.000 impress\u00f5es<\/strong>, o dobro do tamanho de um tamp\u00e3o convencional, garantindo assim uma durabilidade ideal.<\/p>\n<h3>Vantagens dos carimbos COLOP EOS em compara\u00e7\u00e3o aos carimbos de borracha:<\/h3>\n<ul>\n<li><strong>Placas pr\u00e9-tintadas<\/strong>\u00a0: Os carimbos Flash v\u00eam com placas pr\u00e9-tintadas, eliminando a necessidade de cassetes de tinta. Isso simplifica o uso e reduz custos adicionais.<\/li>\n<li><strong>Qualidade de impress\u00e3o superior<\/strong>\u00a0: gra\u00e7as ao seu design inovador, as impress\u00f5es realizadas s\u00e3o mais n\u00edtidas e precisas, tornando-as ideais para log\u00f3tipos e pequenos textos. Sua mensagem estar\u00e1 sempre perfeitamente vis\u00edvel.<\/li>\n<li><strong>Tinta dur\u00e1vel<\/strong>\u00a0: a tinta \u00e0 base de \u00f3leo usada nesses carimbos n\u00e3o \u00e9 apenas mais dur\u00e1vel, mas tamb\u00e9m oferece maior resist\u00eancia \u00e0 \u00e1gua, garantindo que suas impress\u00f5es resistam aos elementos.<\/li>\n<li><strong>Design ergon\u00f4mico<\/strong>\u00a0: a carca\u00e7a dos carimbos COLOP EOS \u00e9 leve e ergon\u00f4mica, facilitando o manuseio, mesmo em modelos grandes. Assim voc\u00ea pode carimbar sem esfor\u00e7o, qualquer que seja o volume de trabalho.<\/li>\n<li><strong>F\u00e1cil repintura<\/strong>\u00a0: O design desses carimbos permite uma repintura simples e sem bagun\u00e7a, garantindo sempre um uso conveniente e limpo.<\/li>\n<\/ul>","protected":false},"excerpt":{"rendered":"<p>Dimens\u00f5es: 38 x 14 mm | M\u00e1x. 4 linhas | Pronto em 1 hora<\/p>\n<div class=\"wc-block-components-notice-banner is-info custom-notice\">\n<p>Este carimbo pode ser confeccionado e pronto para retirada em nossa oficina em menos de uma hora, sujeito a disponibilidade.<\/p>\n<\/div>","protected":false},"featured_media":61215,"comment_status":"open","ping_status":"closed","template":"","meta":[],"product_brand":[],"product_cat":[20],"product_tag":[932],"class_list":{"0":"post-59805","1":"product","2":"type-product","3":"status-publish","4":"has-post-thumbnail","6":"product_cat-eos","7":"product_tag-tampon-xpress","8":"product_shipping_class-classe-l","10":"first","11":"instock","12":"taxable","13":"shipping-taxable","14":"purchasable","15":"product-type-simple"},"exclude_global_add_ons":false,"addons":[{"name":"V\u00eddeo de fabrica\u00e7\u00e3o","type":"checkbox","position":0,"required":false,"title_format":"heading","description_enable":true,"description":"Oferecemos-lhe um v\u00eddeo que mostra as diferentes etapas de produ\u00e7\u00e3o do seu carimbo, o qual lhe ser\u00e1 enviado posteriormente. Ao escolher esta op\u00e7\u00e3o, concorda que o v\u00eddeo possa ser publicado nas nossas redes sociais e\/ou no nosso site. Por favor, note que, se o seu carimbo contiver informa\u00e7\u00f5es pessoais, estas aparecer\u00e3o no v\u00eddeo. Em caso de elevada procura, n\u00e3o podemos garantir a realiza\u00e7\u00e3o de um v\u00eddeo para cada encomenda.","placeholder_enable":false,"placeholder":"","display":"select","restrictions_type":"any_text","adjust_price":false,"price":"","price_type":"flat_fee","restrictions":false,"min":0,"max":0,"options":[{"label":"Cr\u00e9er une vid\u00e9o","price":"","price_type":"flat_fee","image":0}],"id":1750771751},{"name":"Frasco de tinta para carimbos COLOP EOS","type":"multiple_choice","position":0,"required":false,"title_format":"heading","description_enable":true,"description":"Nunca mais fique sem tinta gra\u00e7as a este frasco pr\u00e1tico, ideal para recarregar facilmente o seu carimbo COLOP EOS.","placeholder_enable":false,"placeholder":"","display":"images","restrictions_type":"any_text","adjust_price":false,"price":"","price_type":"flat_fee","restrictions":false,"min":0,"max":0,"options":[{"label":"Flacon d'encre noire","price":"7.95","price_type":"flat_fee","image":61256},{"label":"Flacon d'encre bleue","price":"7.95","price_type":"flat_fee","image":61255},{"label":"Flacon d'encre rouge","price":"7.95","price_type":"flat_fee","image":61257},{"label":"Flacon d'encre verte","price":"7.95","price_type":"flat_fee","image":61258},{"label":"Flacon d'encre violette","price":"7.95","price_type":"flat_fee","image":61259}],"id":1727367648},{"name":"Importar um arquivo","type":"file_upload","position":0,"required":false,"title_format":"heading","description_enable":true,"description":"Voc\u00ea pode importar um arquivo usando o bot\u00e3o abaixo para personalizar a placa do seu carimbo.","placeholder_enable":false,"placeholder":"","display":"select","restrictions_type":"any_text","adjust_price":false,"price":"","price_type":"quantity_based","restrictions":false,"min":0,"max":0,"options":[],"id":1727099281},{"name":"Personaliza\u00e7\u00e3o","type":"custom_textarea","position":1,"required":false,"title_format":"heading","description_enable":true,"description":"Insira abaixo o texto desejado para a personaliza\u00e7\u00e3o do seu carimbo. Sinta-se \u00e0 vontade para adicionar coment\u00e1rios ou instru\u00e7\u00f5es adicionais.","placeholder_enable":false,"placeholder":"","display":"select","restrictions_type":"any_text","adjust_price":false,"price":"","price_type":"quantity_based","restrictions":false,"min":0,"max":0,"options":[],"id":1727099283},{"name":"Alinhamento","type":"multiple_choice","position":2,"required":false,"title_format":"heading","description_enable":false,"description":"","placeholder_enable":false,"placeholder":"","display":"select","restrictions_type":"any_text","adjust_price":false,"price":"","price_type":"flat_fee","restrictions":false,"min":0,"max":0,"options":[{"label":"Texte centr\u00e9","price":"","price_type":"quantity_based","image":0},{"label":"Alignement \u00e0 gauche","price":"","price_type":"quantity_based","image":0},{"label":"Alignement \u00e0 droite","price":"","price_type":"quantity_based","image":0},{"label":"Justifi\u00e9","price":"","price_type":"quantity_based","image":0}],"id":1727099284},{"name":"Quadro","type":"multiple_choice","position":3,"required":false,"title_format":"heading","description_enable":false,"description":"","placeholder_enable":false,"placeholder":"","display":"select","restrictions_type":"any_text","adjust_price":false,"price":"","price_type":"flat_fee","restrictions":false,"min":0,"max":0,"options":[{"label":"Sans cadre","price":"","price_type":"quantity_based","image":0},{"label":"Ajouter un cadre simple","price":"","price_type":"quantity_based","image":0},{"label":"Ajouter un double cadre","price":"","price_type":"quantity_based","image":0}],"id":1727099285},{"name":"Fonte","type":"multiple_choice","position":4,"required":false,"title_format":"heading","description_enable":true,"description":"Para melhores resultados, recomendamos usar fontes sem serifa, como Arial ou Helvetica.","placeholder_enable":false,"placeholder":"","display":"select","restrictions_type":"any_text","adjust_price":false,"price":"","price_type":"flat_fee","restrictions":false,"min":0,"max":0,"options":[{"label":"Arial","price":"","price_type":"quantity_based","image":0},{"label":"Avant Garde","price":"","price_type":"quantity_based","image":0},{"label":"Futura","price":"","price_type":"quantity_based","image":0},{"label":"Helvetica","price":"","price_type":"quantity_based","image":0},{"label":"Verdana","price":"","price_type":"quantity_based","image":0},{"label":"Source Sans","price":"","price_type":"quantity_based","image":0},{"label":"Times New Roman","price":"","price_type":"quantity_based","image":0}],"id":1727099286},{"name":"Prova","type":"checkbox","position":5,"required":false,"title_format":"heading","description_enable":true,"description":"Marque a caixa abaixo para receber uma prova para aprova\u00e7\u00e3o antes da produ\u00e7\u00e3o.","placeholder_enable":false,"placeholder":"","display":"select","restrictions_type":"any_text","adjust_price":false,"price":"","price_type":"flat_fee","restrictions":false,"min":0,"max":0,"options":[{"label":"Recevoir une \u00e9preuve","price":"","price_type":"quantity_based","image":0}],"id":1727099287}],"_links":{"self":[{"href":"https:\/\/www.hanko.lu\/pt\/wp-json\/wp\/v2\/product\/59805","targetHints":{"allow":["GET"]}}],"collection":[{"href":"https:\/\/www.hanko.lu\/pt\/wp-json\/wp\/v2\/product"}],"about":[{"href":"https:\/\/www.hanko.lu\/pt\/wp-json\/wp\/v2\/types\/product"}],"replies":[{"embeddable":true,"href":"https:\/\/www.hanko.lu\/pt\/wp-json\/wp\/v2\/comments?post=59805"}],"wp:featuredmedia":[{"embeddable":true,"href":"https:\/\/www.hanko.lu\/pt\/wp-json\/wp\/v2\/media\/61215"}],"wp:attachment":[{"href":"https:\/\/www.hanko.lu\/pt\/wp-json\/wp\/v2\/media?parent=59805"}],"wp:term":[{"taxonomy":"product_brand","embeddable":true,"href":"https:\/\/www.hanko.lu\/pt\/wp-json\/wp\/v2\/product_brand?post=59805"},{"taxonomy":"product_cat","embeddable":true,"href":"https:\/\/www.hanko.lu\/pt\/wp-json\/wp\/v2\/product_cat?post=59805"},{"taxonomy":"product_tag","embeddable":true,"href":"https:\/\/www.hanko.lu\/pt\/wp-json\/wp\/v2\/product_tag?post=59805"}],"curies":[{"name":"wp","href":"https:\/\/api.w.org\/{rel}","templated":true}]}}