{"id":61690,"date":"2024-10-03T09:02:26","date_gmt":"2024-10-03T07:02:26","guid":{"rendered":"https:\/\/www.hanko.lu\/?post_type=product&#038;p=61690"},"modified":"2025-06-24T13:43:44","modified_gmt":"2025-06-24T11:43:44","slug":"colop-eos-tampon-creatif-pour-scrapbooking-theme-luxembourg","status":"publish","type":"product","link":"https:\/\/www.hanko.lu\/pt\/produto\/colop-eos-tampon-creatif-pour-scrapbooking-theme-luxembourg\/","title":{"rendered":"COLOP EOS \u2013 Carimbo criativo para scrapbooking \u2013 Tema Luxemburgo"},"content":{"rendered":"<p><code><\/code><\/p>\n<h3>Carimbo criativo para scrapbooking \u2013 tema Luxemburgo \u2013 6 cores de tinta \u2013 12 padr\u00f5es<\/h3>\n<p>O <strong>COLOP EOS <\/strong>s\u00e3o os carimbos perfeitos para personalizar seus \u00e1lbuns, cart\u00f5es e outros projetos criativos de scrapbooking. Compactas e f\u00e1ceis de usar, elas imprimem padr\u00f5es variados e \u00fanicos, adicionando um toque de originalidade \u00e0s suas cria\u00e7\u00f5es. Gra\u00e7as \u00e0 sua tecnologia de tinta integrada, garante impress\u00f5es n\u00edtidas e precisas sempre. Escolha entre diferentes temas para adicionar um toque original aos seus projetos.<\/p>\n<h3>COLOP EOS \u2013 A revolu\u00e7\u00e3o dos carimbos gra\u00e7as \u00e0 tecnologia Flash<\/h3>\n<p>Os selos <strong>COLOP EOS <\/strong>se distinguem pela sua fabrica\u00e7\u00e3o com recurso a tecnologia <strong>Clar\u00e3o<\/strong>, o m\u00e9todo mais avan\u00e7ado na ind\u00fastria de carimbos. Esta inova\u00e7\u00e3o permite produzir impress\u00f5es de excepcional clareza e precis\u00e3o, superando em muito as dos carimbos de borracha tradicionais. Com um carimbo EOS voc\u00ea pode criar at\u00e9\u00a0<strong>20.000 impress\u00f5es<\/strong>, o dobro do tamanho de um tamp\u00e3o convencional, garantindo assim uma durabilidade ideal.<\/p>\n<h3>Vantagens dos carimbos COLOP EOS em compara\u00e7\u00e3o aos carimbos de borracha:<\/h3>\n<ul>\n<li><strong>Placas pr\u00e9-tintadas<\/strong>\u00a0: Os carimbos Flash v\u00eam com placas pr\u00e9-tintadas, eliminando a necessidade de cassetes de tinta. Isso simplifica o uso e reduz custos adicionais.<\/li>\n<li><strong>Qualidade de impress\u00e3o superior<\/strong>\u00a0: gra\u00e7as ao seu design inovador, as impress\u00f5es realizadas s\u00e3o mais n\u00edtidas e precisas, tornando-as ideais para log\u00f3tipos e pequenos textos. Sua mensagem estar\u00e1 sempre perfeitamente vis\u00edvel.<\/li>\n<li><strong>Tinta dur\u00e1vel<\/strong>\u00a0: a tinta \u00e0 base de \u00f3leo usada nesses carimbos n\u00e3o \u00e9 apenas mais dur\u00e1vel, mas tamb\u00e9m oferece maior resist\u00eancia \u00e0 \u00e1gua, garantindo que suas impress\u00f5es resistam aos elementos.<\/li>\n<li><strong>Design ergon\u00f4mico<\/strong>\u00a0: a carca\u00e7a dos carimbos COLOP EOS \u00e9 leve e ergon\u00f4mica, facilitando o manuseio, mesmo em modelos grandes. Assim voc\u00ea pode carimbar sem esfor\u00e7o, qualquer que seja o volume de trabalho.<\/li>\n<li><strong>F\u00e1cil repintura<\/strong>\u00a0: O design desses carimbos permite uma repintura simples e sem bagun\u00e7a, garantindo sempre um uso conveniente e limpo.<\/li>\n<\/ul>","protected":false},"excerpt":{"rendered":"<p>12 designs para escolher | Entrega em 48 horas*<\/p>","protected":false},"featured_media":62611,"comment_status":"open","ping_status":"closed","template":"","meta":[],"product_brand":[],"product_cat":[20,542],"product_tag":[],"class_list":{"0":"post-61690","1":"product","2":"type-product","3":"status-publish","4":"has-post-thumbnail","6":"product_cat-eos","7":"product_cat-tampons-avec-motif","8":"product_shipping_class-classe-l","10":"first","11":"instock","12":"taxable","13":"shipping-taxable","14":"purchasable","15":"product-type-variable","16":"has-default-attributes"},"exclude_global_add_ons":true,"addons":[{"name":"Padr\u00e3o","type":"multiple_choice","position":0,"required":true,"title_format":"heading","description_enable":false,"description":"","placeholder_enable":false,"placeholder":"","display":"images","restrictions_type":"any_text","adjust_price":false,"price":"","price_type":"flat_fee","restrictions":false,"min":0,"max":0,"options":[{"label":"01 Moien!","price":"","price_type":"flat_fee","image":42110},{"label":"02 \u00c4ddi!","price":"","price_type":"flat_fee","image":42111},{"label":"03 Villmols Merci!","price":"","price_type":"flat_fee","image":42112},{"label":"04 I love Luxembourg","price":"","price_type":"flat_fee","image":42113},{"label":"05 Tip Top!","price":"","price_type":"flat_fee","image":42114},{"label":"06 Et ass g\u00e4r geschitt!","price":"","price_type":"flat_fee","image":42115},{"label":"07 Made in Luxembourg","price":"","price_type":"flat_fee","image":42116},{"label":"08 Nondi Kass!","price":"","price_type":"flat_fee","image":42117},{"label":"09 Wann ech gelift","price":"","price_type":"flat_fee","image":42118},{"label":"10 Luxembourg - L\u00ebtzebuerg","price":"","price_type":"flat_fee","image":42119},{"label":"11 Moien \u00c4ddi Merci","price":"","price_type":"flat_fee","image":46804},{"label":"12 Ech hunn dech g\u00e4r","price":"","price_type":"flat_fee","image":46805}],"id":1727795059},{"name":"Frasco de tinta para carimbos COLOP EOS","type":"multiple_choice","position":1,"required":false,"title_format":"heading","description_enable":true,"description":"Nunca mais fique sem tinta gra\u00e7as a este frasco pr\u00e1tico, ideal para recarregar facilmente o seu carimbo COLOP EOS.","placeholder_enable":false,"placeholder":"","display":"images","restrictions_type":"any_text","adjust_price":false,"price":"","price_type":"flat_fee","restrictions":false,"min":0,"max":0,"options":[{"label":"Flacon d'encre noire","price":"7.95","price_type":"flat_fee","image":61256},{"label":"Flacon d'encre bleue","price":"7.95","price_type":"flat_fee","image":61255},{"label":"Flacon d'encre rouge","price":"7.95","price_type":"flat_fee","image":61257},{"label":"Flacon d'encre verte","price":"7.95","price_type":"flat_fee","image":61258},{"label":"Flacon d'encre violette","price":"7.95","price_type":"flat_fee","image":61259}],"id":1727795061},{"name":"V\u00eddeo de fabrica\u00e7\u00e3o","type":"checkbox","position":2,"required":false,"title_format":"heading","description_enable":true,"description":"Criaremos um v\u00eddeo mostrando as etapas de cria\u00e7\u00e3o do seu carimbo, que enviaremos a voc\u00ea. Ao selecionar esta op\u00e7\u00e3o, voc\u00ea concorda que este v\u00eddeo possa ser compartilhado nas redes sociais e\/ou em nosso site. Observe que, devido \u00e0 alta demanda, talvez n\u00e3o possamos garantir a cria\u00e7\u00e3o de um v\u00eddeo para cada encomenda.","placeholder_enable":false,"placeholder":"","display":"select","restrictions_type":"any_text","adjust_price":false,"price":"","price_type":"flat_fee","restrictions":false,"min":0,"max":0,"options":[{"label":"Cr\u00e9er une vid\u00e9o","price":"","price_type":"flat_fee","image":0}],"id":1750772617}],"_links":{"self":[{"href":"https:\/\/www.hanko.lu\/pt\/wp-json\/wp\/v2\/product\/61690","targetHints":{"allow":["GET"]}}],"collection":[{"href":"https:\/\/www.hanko.lu\/pt\/wp-json\/wp\/v2\/product"}],"about":[{"href":"https:\/\/www.hanko.lu\/pt\/wp-json\/wp\/v2\/types\/product"}],"replies":[{"embeddable":true,"href":"https:\/\/www.hanko.lu\/pt\/wp-json\/wp\/v2\/comments?post=61690"}],"wp:featuredmedia":[{"embeddable":true,"href":"https:\/\/www.hanko.lu\/pt\/wp-json\/wp\/v2\/media\/62611"}],"wp:attachment":[{"href":"https:\/\/www.hanko.lu\/pt\/wp-json\/wp\/v2\/media?parent=61690"}],"wp:term":[{"taxonomy":"product_brand","embeddable":true,"href":"https:\/\/www.hanko.lu\/pt\/wp-json\/wp\/v2\/product_brand?post=61690"},{"taxonomy":"product_cat","embeddable":true,"href":"https:\/\/www.hanko.lu\/pt\/wp-json\/wp\/v2\/product_cat?post=61690"},{"taxonomy":"product_tag","embeddable":true,"href":"https:\/\/www.hanko.lu\/pt\/wp-json\/wp\/v2\/product_tag?post=61690"}],"curies":[{"name":"wp","href":"https:\/\/api.w.org\/{rel}","templated":true}]}}