{"id":62484,"date":"2025-02-02T10:29:26","date_gmt":"2025-02-02T09:29:26","guid":{"rendered":"https:\/\/www.hanko.lu\/?post_type=product&#038;p=62484"},"modified":"2025-10-02T14:42:15","modified_gmt":"2025-10-02T12:42:15","slug":"trodat-edy-avec-motif","status":"publish","type":"product","link":"https:\/\/www.hanko.lu\/pt\/produto\/trodat-edy-avec-motif\/","title":{"rendered":"Trodat edy com padr\u00e3o"},"content":{"rendered":"<h2>Caracter\u00edsticas<\/h2>\n<ul class=\"a-unordered-list a-vertical a-spacing-mini\">\n<li>Escolha entre 6 caixas, 15 cores de tinta e <strong>30 padr\u00f5es bonitos<\/strong><\/li>\n<li>Carimbo compacto com cassete de tinta integrada<\/li>\n<li>L\u00e1 <a href=\"https:\/\/www.hanko.lu\/pt\/produto\/cassette-encrage-trodat-6-4922\/\">Cassete de tinta Trodat 6\/4922<\/a> pode ser adquirido separadamente para ampliar o uso do seu selo<\/li>\n<li>O cartucho de tinta integrado fornecer\u00e1 milhares de impress\u00f5es<\/li>\n<li><span class=\"a-list-item\">Conceito ecol\u00f3gico da Trodat com alto teor de pl\u00e1stico reciclado<\/span><\/li>\n<li>Marca: Trodat<\/li>\n<\/ul>\n<p><img loading=\"lazy\" decoding=\"async\" class=\"alignright size-medium wp-image-40773\" role=\"img\" src=\"https:\/\/www.hanko.lu\/wp-content\/uploads\/2022\/11\/trodat-edy.svg\" alt=\"Trodat edy logo\" width=\"300\" height=\"300\" \/><\/p>","protected":false},"excerpt":{"rendered":"<ul class=\"short-features\">\n<li><i class=\"fas fa-check\"><\/i>Escolha a caixa, a cor da tinta e o design<\/li>\n<li><i class=\"fas fa-check\"><\/i><strong>30 padr\u00f5es<\/strong> diferente para escolher<\/li>\n<li><i class=\"fas fa-expand-alt\"><\/i><strong>Dimens\u00f5es da pegada:<\/strong> m\u00e1x. 20x20mm<\/li>\n<li><i class=\"fas fa-truck\"><\/i><strong>Enviado<\/strong> dentro de 2 a 3 dias \u00fateis<\/li>\n<\/ul>","protected":false},"featured_media":62535,"comment_status":"open","ping_status":"closed","template":"","meta":[],"product_brand":[],"product_cat":[542,537],"product_tag":[],"class_list":{"0":"post-62484","1":"product","2":"type-product","3":"status-publish","4":"has-post-thumbnail","6":"product_cat-tampons-avec-motif","7":"product_cat-trodat-edy","8":"product_shipping_class-classe-l","10":"first","11":"instock","12":"taxable","13":"shipping-taxable","14":"purchasable","15":"product-type-variable"},"exclude_global_add_ons":true,"addons":[{"name":"Cor da tinta","type":"multiple_choice","position":0,"required":true,"title_format":"label","description_enable":false,"description":"","placeholder_enable":false,"placeholder":"","display":"images","restrictions_type":"any_text","adjust_price":false,"price":"","price_type":"flat_fee","restrictions":false,"min":0,"max":0,"options":[{"label":"Encre noire","price":"","price_type":"flat_fee","image":40714},{"label":"Encre bleue","price":"","price_type":"flat_fee","image":40713},{"label":"Encre rouge","price":"","price_type":"flat_fee","image":40715},{"label":"Encre verte","price":"","price_type":"flat_fee","image":40716},{"label":"Encre violette","price":"","price_type":"flat_fee","image":40717},{"label":"Encre pourpre","price":"","price_type":"flat_fee","image":40746},{"label":"Encre bleu ciel","price":"2","price_type":"flat_fee","image":40739},{"label":"Encre bleu clair","price":"2","price_type":"flat_fee","image":40740},{"label":"Encre brun orang\u00e9","price":"2","price_type":"flat_fee","image":40741},{"label":"Encre gris petit-gris","price":"2","price_type":"flat_fee","image":40742},{"label":"Encre jaune de s\u00e9curit\u00e9","price":"2","price_type":"flat_fee","image":40743},{"label":"Encre jaune zinc","price":"2","price_type":"flat_fee","image":40744},{"label":"Encre orange fonc\u00e9","price":"2","price_type":"flat_fee","image":40745},{"label":"Encre rouge carmin","price":"2","price_type":"flat_fee","image":40747},{"label":"Encre vert jaune","price":"2","price_type":"flat_fee","image":40748},{"label":"Cassette d'encrage sans encre","price":"","price_type":"flat_fee","image":40720}],"id":1738430806},{"name":"Padr\u00e3o","type":"multiple_choice","position":1,"required":true,"title_format":"label","description_enable":false,"description":"","placeholder_enable":false,"placeholder":"","display":"images","restrictions_type":"any_text","adjust_price":false,"price":"","price_type":"flat_fee","restrictions":false,"min":0,"max":0,"options":[{"label":"01","price":"","price_type":"flat_fee","image":62504},{"label":"02","price":"","price_type":"flat_fee","image":62505},{"label":"03","price":"","price_type":"flat_fee","image":62506},{"label":"04","price":"","price_type":"flat_fee","image":62507},{"label":"05","price":"","price_type":"flat_fee","image":62508},{"label":"06","price":"","price_type":"flat_fee","image":62509},{"label":"07","price":"","price_type":"flat_fee","image":62510},{"label":"08","price":"","price_type":"flat_fee","image":62511},{"label":"09","price":"","price_type":"flat_fee","image":62512},{"label":"10","price":"","price_type":"flat_fee","image":62513},{"label":"11","price":"","price_type":"flat_fee","image":62514},{"label":"12","price":"","price_type":"flat_fee","image":62515},{"label":"13","price":"","price_type":"flat_fee","image":62516},{"label":"14","price":"","price_type":"flat_fee","image":62517},{"label":"15","price":"","price_type":"flat_fee","image":62518},{"label":"16","price":"","price_type":"flat_fee","image":62519},{"label":"17","price":"","price_type":"flat_fee","image":62520},{"label":"18","price":"","price_type":"flat_fee","image":62521},{"label":"19","price":"","price_type":"flat_fee","image":62522},{"label":"20","price":"","price_type":"flat_fee","image":62523},{"label":"21","price":"","price_type":"flat_fee","image":62524},{"label":"22","price":"","price_type":"flat_fee","image":62525},{"label":"23","price":"","price_type":"flat_fee","image":62526},{"label":"24","price":"","price_type":"flat_fee","image":62527},{"label":"25","price":"","price_type":"flat_fee","image":62528},{"label":"26","price":"","price_type":"flat_fee","image":62529},{"label":"27","price":"","price_type":"flat_fee","image":62530},{"label":"28","price":"","price_type":"flat_fee","image":62531},{"label":"29","price":"","price_type":"flat_fee","image":62532},{"label":"30","price":"","price_type":"flat_fee","image":62533}],"id":1738430807},{"name":"V\u00eddeo de fabrica\u00e7\u00e3o","type":"checkbox","position":2,"required":false,"title_format":"heading","description_enable":true,"description":"Oferecemos-lhe um v\u00eddeo que mostra as diferentes etapas de produ\u00e7\u00e3o do seu carimbo, o qual lhe ser\u00e1 enviado posteriormente. Ao escolher esta op\u00e7\u00e3o, concorda que o v\u00eddeo possa ser publicado nas nossas redes sociais e\/ou no nosso site. Por favor, note que, se o seu carimbo contiver informa\u00e7\u00f5es pessoais, estas aparecer\u00e3o no v\u00eddeo. Em caso de elevada procura, n\u00e3o podemos garantir a realiza\u00e7\u00e3o de um v\u00eddeo para cada encomenda.","placeholder_enable":false,"placeholder":"","display":"select","restrictions_type":"any_text","adjust_price":false,"price":"","price_type":"flat_fee","restrictions":false,"min":0,"max":0,"options":[{"label":"Cr\u00e9er une vid\u00e9o","price":"","price_type":"flat_fee","image":0}],"id":1759416126}],"_links":{"self":[{"href":"https:\/\/www.hanko.lu\/pt\/wp-json\/wp\/v2\/product\/62484","targetHints":{"allow":["GET"]}}],"collection":[{"href":"https:\/\/www.hanko.lu\/pt\/wp-json\/wp\/v2\/product"}],"about":[{"href":"https:\/\/www.hanko.lu\/pt\/wp-json\/wp\/v2\/types\/product"}],"replies":[{"embeddable":true,"href":"https:\/\/www.hanko.lu\/pt\/wp-json\/wp\/v2\/comments?post=62484"}],"wp:featuredmedia":[{"embeddable":true,"href":"https:\/\/www.hanko.lu\/pt\/wp-json\/wp\/v2\/media\/62535"}],"wp:attachment":[{"href":"https:\/\/www.hanko.lu\/pt\/wp-json\/wp\/v2\/media?parent=62484"}],"wp:term":[{"taxonomy":"product_brand","embeddable":true,"href":"https:\/\/www.hanko.lu\/pt\/wp-json\/wp\/v2\/product_brand?post=62484"},{"taxonomy":"product_cat","embeddable":true,"href":"https:\/\/www.hanko.lu\/pt\/wp-json\/wp\/v2\/product_cat?post=62484"},{"taxonomy":"product_tag","embeddable":true,"href":"https:\/\/www.hanko.lu\/pt\/wp-json\/wp\/v2\/product_tag?post=62484"}],"curies":[{"name":"wp","href":"https:\/\/api.w.org\/{rel}","templated":true}]}}